{"id":4009,"date":"2023-12-13T13:49:53","date_gmt":"2023-12-13T13:49:53","guid":{"rendered":"https:\/\/safarihotel.hu\/our-offers\/"},"modified":"2026-04-29T07:02:24","modified_gmt":"2026-04-29T07:02:24","slug":"our-offers","status":"publish","type":"page","link":"https:\/\/safarihotel.hu\/en\/our-offers\/","title":{"rendered":"Our Offers"},"content":{"rendered":"\t\t<div data-elementor-type=\"wp-page\" data-elementor-id=\"4009\" class=\"elementor elementor-4009\" data-elementor-post-type=\"page\">\n\t\t\t\t\t\t<section class=\"elementor-section elementor-top-section elementor-element elementor-element-ffdc10a elementor-section-height-min-height cs-section-content-fullwidth cs-parallax-on-scroll cs_scroll_y_100 elementor-section-full_width elementor-section-height-default elementor-section-items-middle\" data-id=\"ffdc10a\" data-element_type=\"section\" data-e-type=\"section\" data-settings=\"{&quot;background_background&quot;:&quot;classic&quot;}\" data-cs-parallax-y=\"100\" style=\"background-image: none;\" data-cs-background-image=\"https:\/\/safarihotel.hu\/wp-content\/uploads\/2025\/02\/safarilead1.jpg\">\n\t\t\t\t\t\t\t<div class=\"elementor-background-overlay\"><\/div>\n\t\t\t\t\t\t\t<div class=\"elementor-container elementor-column-gap-no\">\n\t\t\t\t\t<div class=\"elementor-column elementor-col-100 elementor-top-column elementor-element elementor-element-5cb5a41 dark-color\" data-id=\"5cb5a41\" data-element_type=\"column\" data-e-type=\"column\">\n\t\t\t<div class=\"elementor-widget-wrap elementor-element-populated\">\n\t\t\t\t\t\t<div class=\"elementor-element elementor-element-c4775cc elementor-widget elementor-widget-cs_title\" data-id=\"c4775cc\" data-element_type=\"widget\" data-e-type=\"widget\" data-widget_type=\"cs_title.default\">\n\t\t\t\t<div class=\"elementor-widget-container\">\n\t\t\t\t\t\n        <div class=\"cs-title-wrap text-center\">\t            <h1 class=\"cs-title\">\n\t                Our Offers\t            <\/h1>        <\/div>\t\t\t\t<\/div>\n\t\t\t\t<\/div>\n\t\t\t\t\t<\/div>\n\t\t<\/div>\n\t\t\t\t\t<\/div>\n\t\t<\/section>\n\t\t<div class=\"elementor-element elementor-element-66bcd24 e-grid e-con-boxed e-con e-parent\" data-id=\"66bcd24\" data-element_type=\"container\" data-e-type=\"container\">\n\t\t\t\t\t<div class=\"e-con-inner\">\n\t\t\t\t<div class=\"elementor-element elementor-element-1665a4e elementor-widget elementor-widget-cs_fancy_card\" data-id=\"1665a4e\" data-element_type=\"widget\" data-e-type=\"widget\" data-widget_type=\"cs_fancy_card.default\">\n\t\t\t\t<div class=\"elementor-widget-container\">\n\t\t\t\t\t\n\t\t<div class=\"cs-fancy-card style-1 text-center cs-hover-img-zoom\">\n            <div class=\"cs-fc-wrap\">\t                <a class=\"cs-fc-link\" href=\"https:\/\/safarihotel.hu\/en\/our-offers\/wine-joy-szeged-wine-festival-getaway-for-couples\/\"><\/a>\t               \t<div class=\"cs-fc-img\">\n\t                    <img fetchpriority=\"high\" decoding=\"async\" width=\"1403\" height=\"992\" src=\"https:\/\/safarihotel.hu\/wp-content\/uploads\/2026\/03\/img-wine-package.png\" class=\"attachment-full size-full wp-image-6055\" alt=\"\" srcset=\"https:\/\/safarihotel.hu\/wp-content\/uploads\/2026\/03\/img-wine-package.png 1403w, https:\/\/safarihotel.hu\/wp-content\/uploads\/2026\/03\/img-wine-package-300x212.png 300w, https:\/\/safarihotel.hu\/wp-content\/uploads\/2026\/03\/img-wine-package-1024x724.png 1024w, https:\/\/safarihotel.hu\/wp-content\/uploads\/2026\/03\/img-wine-package-768x543.png 768w, https:\/\/safarihotel.hu\/wp-content\/uploads\/2026\/03\/img-wine-package-1200x848.png 1200w, https:\/\/safarihotel.hu\/wp-content\/uploads\/2026\/03\/img-wine-package-780x552.png 780w, https:\/\/safarihotel.hu\/wp-content\/uploads\/2026\/03\/img-wine-package-600x424.png 600w, https:\/\/safarihotel.hu\/wp-content\/uploads\/2026\/03\/img-wine-package-550x389.png 550w, https:\/\/safarihotel.hu\/wp-content\/uploads\/2026\/03\/img-wine-package-370x262.png 370w, https:\/\/safarihotel.hu\/wp-content\/uploads\/2026\/03\/img-wine-package-255x180.png 255w\" sizes=\"(max-width: 1403px) 100vw, 1403px\" \/>\t                <\/div>\n                <div class=\"cs-fc-content\">\t\t\t\t\t\t<div class=\"cs-subtitle-wrap\"><span class=\"cs-subtitle color-primary\">May 21, 2026 \u2013 May 31, 2026.<\/span><\/div>\t\t\t            <h4 class=\"cs-fc-title cs-title color-black\">\n\t\t\t                Wine, Joy &amp; Szeged: Wine Festival Getaway for Couples\t\t\t            <\/h4>\t\t\t            <div class=\"cs-fc-text\">\n\t\t\t                <p>&#8211;<\/p>\t\t\t            <\/div>\t\t                <div class=\"cs-fc-btn\">\n\t\t                    <a class=\"button cs-btn-color-black cs-btn-underline\" role=\"button\" href=\"https:\/\/safarihotel.hu\/en\/our-offers\/wine-joy-szeged-wine-festival-getaway-for-couples\/\">\n\t\t                        <span class=\"cs-btn-text\">View<\/span>\t\t                    <\/a>\n\t\t                <\/div>\t\t\t\t<\/div>\n            <\/div>\n        <\/div>\t\t\t\t<\/div>\n\t\t\t\t<\/div>\n\t\t\t\t<div class=\"elementor-element elementor-element-25946d1 elementor-widget elementor-widget-cs_fancy_card\" data-id=\"25946d1\" data-element_type=\"widget\" data-e-type=\"widget\" data-widget_type=\"cs_fancy_card.default\">\n\t\t\t\t<div class=\"elementor-widget-container\">\n\t\t\t\t\t\n\t\t<div class=\"cs-fancy-card style-1 text-center cs-hover-img-zoom\">\n            <div class=\"cs-fc-wrap\">\t                <a class=\"cs-fc-link\" href=\"https:\/\/safarihotel.hu\/en\/our-offers\/special-group-offer\"><\/a>\t               \t<div class=\"cs-fc-img\">\n\t                    <img decoding=\"async\" width=\"1403\" height=\"992\" src=\"https:\/\/safarihotel.hu\/wp-content\/uploads\/2026\/01\/Nevtelen-terv-20-1.png\" class=\"attachment-full size-full wp-image-5815\" alt=\"\" srcset=\"https:\/\/safarihotel.hu\/wp-content\/uploads\/2026\/01\/Nevtelen-terv-20-1.png 1403w, https:\/\/safarihotel.hu\/wp-content\/uploads\/2026\/01\/Nevtelen-terv-20-1-300x212.png 300w, https:\/\/safarihotel.hu\/wp-content\/uploads\/2026\/01\/Nevtelen-terv-20-1-1024x724.png 1024w, https:\/\/safarihotel.hu\/wp-content\/uploads\/2026\/01\/Nevtelen-terv-20-1-768x543.png 768w, https:\/\/safarihotel.hu\/wp-content\/uploads\/2026\/01\/Nevtelen-terv-20-1-1200x848.png 1200w, https:\/\/safarihotel.hu\/wp-content\/uploads\/2026\/01\/Nevtelen-terv-20-1-780x552.png 780w, https:\/\/safarihotel.hu\/wp-content\/uploads\/2026\/01\/Nevtelen-terv-20-1-600x424.png 600w, https:\/\/safarihotel.hu\/wp-content\/uploads\/2026\/01\/Nevtelen-terv-20-1-550x389.png 550w, https:\/\/safarihotel.hu\/wp-content\/uploads\/2026\/01\/Nevtelen-terv-20-1-370x262.png 370w, https:\/\/safarihotel.hu\/wp-content\/uploads\/2026\/01\/Nevtelen-terv-20-1-255x180.png 255w\" sizes=\"(max-width: 1403px) 100vw, 1403px\" \/>\t                <\/div>\n                <div class=\"cs-fc-content\">\t\t\t\t\t\t<div class=\"cs-subtitle-wrap\"><span class=\"cs-subtitle color-primary\">BOOKABLE <br>ALL YEAR ROUND<\/span><\/div>\t\t\t            <h4 class=\"cs-fc-title cs-title\">\n\t\t\t                Special GROUP OFFER\t\t\t            <\/h4>\t\t                <div class=\"cs-fc-btn\">\n\t\t                    <a class=\"button cs-btn-underline\" role=\"button\" href=\"https:\/\/safarihotel.hu\/en\/our-offers\/special-group-offer\">\n\t\t                        <span class=\"cs-btn-text\">View<\/span>\t\t                    <\/a>\n\t\t                <\/div>\t\t\t\t<\/div>\n            <\/div>\n        <\/div>\t\t\t\t<\/div>\n\t\t\t\t<\/div>\n\t\t\t\t<div class=\"elementor-element elementor-element-14ac156 elementor-widget elementor-widget-cs_fancy_card\" data-id=\"14ac156\" data-element_type=\"widget\" data-e-type=\"widget\" data-widget_type=\"cs_fancy_card.default\">\n\t\t\t\t<div class=\"elementor-widget-container\">\n\t\t\t\t\t\n\t\t<div class=\"cs-fancy-card style-1 text-center cs-hover-img-zoom\">\n            <div class=\"cs-fc-wrap\">\t                <a class=\"cs-fc-link\" href=\"https:\/\/safarihotel.hu\/en\/our-offers\/zoo-visit-szeged-city-break\/\"><\/a>\t               \t<div class=\"cs-fc-img\">\n\t                    <img decoding=\"async\" width=\"1403\" height=\"992\" src=\"https:\/\/safarihotel.hu\/wp-content\/uploads\/2025\/11\/Safari-Vadaspark.png\" class=\"attachment-full size-full wp-image-5682\" alt=\"\" srcset=\"https:\/\/safarihotel.hu\/wp-content\/uploads\/2025\/11\/Safari-Vadaspark.png 1403w, https:\/\/safarihotel.hu\/wp-content\/uploads\/2025\/11\/Safari-Vadaspark-300x212.png 300w, https:\/\/safarihotel.hu\/wp-content\/uploads\/2025\/11\/Safari-Vadaspark-1024x724.png 1024w, https:\/\/safarihotel.hu\/wp-content\/uploads\/2025\/11\/Safari-Vadaspark-768x543.png 768w, https:\/\/safarihotel.hu\/wp-content\/uploads\/2025\/11\/Safari-Vadaspark-1200x848.png 1200w, https:\/\/safarihotel.hu\/wp-content\/uploads\/2025\/11\/Safari-Vadaspark-780x552.png 780w, https:\/\/safarihotel.hu\/wp-content\/uploads\/2025\/11\/Safari-Vadaspark-600x424.png 600w, https:\/\/safarihotel.hu\/wp-content\/uploads\/2025\/11\/Safari-Vadaspark-550x389.png 550w, https:\/\/safarihotel.hu\/wp-content\/uploads\/2025\/11\/Safari-Vadaspark-370x262.png 370w, https:\/\/safarihotel.hu\/wp-content\/uploads\/2025\/11\/Safari-Vadaspark-255x180.png 255w\" sizes=\"(max-width: 1403px) 100vw, 1403px\" \/>\t                <\/div>\n                <div class=\"cs-fc-content\">\t\t\t\t\t\t<div class=\"cs-subtitle-wrap\"><span class=\"cs-subtitle color-primary\">NOVEMBER 21, 2025 - APRIL 30, 2026<\/span><\/div>\t\t\t            <h4 class=\"cs-fc-title cs-title\">\n\t\t\t                Zoo Visit &amp; Szeged City Break\t\t\t            <\/h4>\t\t                <div class=\"cs-fc-btn\">\n\t\t                    <a class=\"button cs-btn-underline\" role=\"button\" href=\"https:\/\/safarihotel.hu\/en\/our-offers\/zoo-visit-szeged-city-break\/\">\n\t\t                        <span class=\"cs-btn-text\">View<\/span>\t\t                    <\/a>\n\t\t                <\/div>\t\t\t\t<\/div>\n            <\/div>\n        <\/div>\t\t\t\t<\/div>\n\t\t\t\t<\/div>\n\t\t\t\t\t<\/div>\n\t\t\t\t<\/div>\n\t\t\t\t<\/div>\n\t\t","protected":false},"excerpt":{"rendered":"<p>Our Offers May 21, 2026 \u2013 May 31, 2026. Wine, Joy &amp; Szeged: Wine Festival Getaway for Couples &#8211; View BOOKABLE ALL YEAR ROUND Special GROUP OFFER View NOVEMBER 21, 2025 &#8211; APRIL 30, 2026 Zoo Visit &amp; Szeged City Break View<\/p>\n","protected":false},"author":3,"featured_media":0,"parent":0,"menu_order":0,"comment_status":"closed","ping_status":"closed","template":"template-wide-content.php","meta":{"_acf_changed":false,"cozystay_single_page_hide_site_header":"","cozystay_single_page_site_header_source":"","cozystay_single_page_custom_site_header":"0","cozystay_single_page_custom_sticky_site_header":"0","cozystay_single_page_hide_page_title":"","cozystay_single_page_header_section_size":"","cozystay_single_page_header_background_color":"","cozystay_single_page_header_background_position_x":"center","cozystay_single_page_header_background_position_y":"center","cozystay_single_page_header_background_size":"cover","cozystay_single_page_header_background_repeat":"off","cozystay_single_page_header_background_scroll":"on","cozystay_single_page_header_text_color":"","cozystay_single_page_header_show_breadcrumb":"","cozystay_single_page_site_footer_hide_main":"","cozystay_single_custom_site_footer_main_source":"","cozystay_single_custom_site_footer_main":"0","cozystay_single_page_site_footer_hide_above":"","cozystay_single_custom_site_footer_above_source":"","cozystay_single_custom_site_footer_above":"0","cozystay_single_page_site_footer_hide_instagram":"","cozystay_single_page_site_footer_hide_bottom":"","cozystay_single_custom_mobile_menu_source":"","cozystay_single_custom_mobile_menu":"0","cozystay_single_custom_mobile_menu_animation":"","cozystay_single_custom_mobile_menu_width":"","cozystay_single_custom_mobile_menu_custom_width":375,"footnotes":""},"class_list":["post-4009","page","type-page","status-publish","hentry"],"acf":[],"yoast_head":"<!-- This site is optimized with the Yoast SEO Premium plugin v27.5 (Yoast SEO v27.5) - https:\/\/yoast.com\/product\/yoast-seo-premium-wordpress\/ -->\n<title>Our Offers - Safari hotel<\/title>\n<meta name=\"robots\" content=\"index, follow, max-snippet:-1, max-image-preview:large, max-video-preview:-1\" \/>\n<link rel=\"canonical\" href=\"https:\/\/safarihotel.hu\/ajanlataink\/\" \/>\n<meta property=\"og:locale\" content=\"en_US\" \/>\n<meta property=\"og:type\" content=\"article\" \/>\n<meta property=\"og:title\" content=\"Our Offers\" \/>\n<meta property=\"og:description\" content=\"Our Offers May 21, 2026 \u2013 May 31, 2026. Wine, Joy &amp; Szeged: Wine Festival Getaway for Couples &#8211; View BOOKABLE ALL YEAR ROUND Special GROUP OFFER View NOVEMBER 21, 2025 &#8211; APRIL 30, 2026 Zoo Visit &amp; Szeged City Break View\" \/>\n<meta property=\"og:url\" content=\"https:\/\/safarihotel.hu\/ajanlataink\/\" \/>\n<meta property=\"og:site_name\" content=\"Safari hotel\" \/>\n<meta property=\"article:modified_time\" content=\"2026-04-29T07:02:24+00:00\" \/>\n<meta property=\"og:image\" content=\"https:\/\/safarihotel.hu\/wp-content\/uploads\/2026\/03\/img-wine-package.png\" \/>\n\t<meta property=\"og:image:width\" content=\"1403\" \/>\n\t<meta property=\"og:image:height\" content=\"992\" \/>\n\t<meta property=\"og:image:type\" content=\"image\/png\" \/>\n<meta name=\"twitter:card\" content=\"summary_large_image\" \/>\n<meta name=\"twitter:label1\" content=\"Est. reading time\" \/>\n\t<meta name=\"twitter:data1\" content=\"1 minute\" \/>\n<script type=\"application\/ld+json\" class=\"yoast-schema-graph\">{\"@context\":\"https:\\\/\\\/schema.org\",\"@graph\":[{\"@type\":\"WebPage\",\"@id\":\"https:\\\/\\\/safarihotel.hu\\\/ajanlataink\\\/\",\"url\":\"https:\\\/\\\/safarihotel.hu\\\/ajanlataink\\\/\",\"name\":\"Our Offers - Safari hotel\",\"isPartOf\":{\"@id\":\"https:\\\/\\\/safarihotel.hu\\\/#website\"},\"primaryImageOfPage\":{\"@id\":\"https:\\\/\\\/safarihotel.hu\\\/ajanlataink\\\/#primaryimage\"},\"image\":{\"@id\":\"https:\\\/\\\/safarihotel.hu\\\/ajanlataink\\\/#primaryimage\"},\"thumbnailUrl\":\"https:\\\/\\\/safarihotel.hu\\\/wp-content\\\/uploads\\\/2026\\\/03\\\/img-wine-package.png\",\"datePublished\":\"2023-12-13T13:49:53+00:00\",\"dateModified\":\"2026-04-29T07:02:24+00:00\",\"breadcrumb\":{\"@id\":\"https:\\\/\\\/safarihotel.hu\\\/ajanlataink\\\/#breadcrumb\"},\"inLanguage\":\"en-US\",\"potentialAction\":[{\"@type\":\"ReadAction\",\"target\":[\"https:\\\/\\\/safarihotel.hu\\\/ajanlataink\\\/\"]}]},{\"@type\":\"ImageObject\",\"inLanguage\":\"en-US\",\"@id\":\"https:\\\/\\\/safarihotel.hu\\\/ajanlataink\\\/#primaryimage\",\"url\":\"https:\\\/\\\/safarihotel.hu\\\/wp-content\\\/uploads\\\/2026\\\/03\\\/img-wine-package.png\",\"contentUrl\":\"https:\\\/\\\/safarihotel.hu\\\/wp-content\\\/uploads\\\/2026\\\/03\\\/img-wine-package.png\"},{\"@type\":\"BreadcrumbList\",\"@id\":\"https:\\\/\\\/safarihotel.hu\\\/ajanlataink\\\/#breadcrumb\",\"itemListElement\":[{\"@type\":\"ListItem\",\"position\":1,\"name\":\"Kezd\u0151lap\",\"item\":\"https:\\\/\\\/safarihotel.hu\\\/\"},{\"@type\":\"ListItem\",\"position\":2,\"name\":\"Our Offers\"}]},{\"@type\":\"WebSite\",\"@id\":\"https:\\\/\\\/safarihotel.hu\\\/#website\",\"url\":\"https:\\\/\\\/safarihotel.hu\\\/\",\"name\":\"Safari hotel\",\"description\":\"A term\u00e9szettel harm\u00f3ni\u00e1ban\",\"publisher\":{\"@id\":\"https:\\\/\\\/safarihotel.hu\\\/#organization\"},\"potentialAction\":[{\"@type\":\"SearchAction\",\"target\":{\"@type\":\"EntryPoint\",\"urlTemplate\":\"https:\\\/\\\/safarihotel.hu\\\/?s={search_term_string}\"},\"query-input\":{\"@type\":\"PropertyValueSpecification\",\"valueRequired\":true,\"valueName\":\"search_term_string\"}}],\"inLanguage\":\"en-US\"},{\"@type\":\"Organization\",\"@id\":\"https:\\\/\\\/safarihotel.hu\\\/#organization\",\"name\":\"Safari hotel\",\"url\":\"https:\\\/\\\/safarihotel.hu\\\/\",\"logo\":{\"@type\":\"ImageObject\",\"inLanguage\":\"en-US\",\"@id\":\"https:\\\/\\\/safarihotel.hu\\\/#\\\/schema\\\/logo\\\/image\\\/\",\"url\":\"https:\\\/\\\/safarihotel.hu\\\/wp-content\\\/uploads\\\/2023\\\/11\\\/logo-safari.png\",\"contentUrl\":\"https:\\\/\\\/safarihotel.hu\\\/wp-content\\\/uploads\\\/2023\\\/11\\\/logo-safari.png\",\"width\":542,\"height\":375,\"caption\":\"Safari hotel\"},\"image\":{\"@id\":\"https:\\\/\\\/safarihotel.hu\\\/#\\\/schema\\\/logo\\\/image\\\/\"}}]}<\/script>\n<!-- \/ Yoast SEO Premium plugin. -->","yoast_head_json":{"title":"Our Offers - Safari hotel","robots":{"index":"index","follow":"follow","max-snippet":"max-snippet:-1","max-image-preview":"max-image-preview:large","max-video-preview":"max-video-preview:-1"},"canonical":"https:\/\/safarihotel.hu\/ajanlataink\/","og_locale":"en_US","og_type":"article","og_title":"Our Offers","og_description":"Our Offers May 21, 2026 \u2013 May 31, 2026. Wine, Joy &amp; Szeged: Wine Festival Getaway for Couples &#8211; View BOOKABLE ALL YEAR ROUND Special GROUP OFFER View NOVEMBER 21, 2025 &#8211; APRIL 30, 2026 Zoo Visit &amp; Szeged City Break View","og_url":"https:\/\/safarihotel.hu\/ajanlataink\/","og_site_name":"Safari hotel","article_modified_time":"2026-04-29T07:02:24+00:00","og_image":[{"width":1403,"height":992,"url":"https:\/\/safarihotel.hu\/wp-content\/uploads\/2026\/03\/img-wine-package.png","type":"image\/png"}],"twitter_card":"summary_large_image","twitter_misc":{"Est. reading time":"1 minute"},"schema":{"@context":"https:\/\/schema.org","@graph":[{"@type":"WebPage","@id":"https:\/\/safarihotel.hu\/ajanlataink\/","url":"https:\/\/safarihotel.hu\/ajanlataink\/","name":"Our Offers - Safari hotel","isPartOf":{"@id":"https:\/\/safarihotel.hu\/#website"},"primaryImageOfPage":{"@id":"https:\/\/safarihotel.hu\/ajanlataink\/#primaryimage"},"image":{"@id":"https:\/\/safarihotel.hu\/ajanlataink\/#primaryimage"},"thumbnailUrl":"https:\/\/safarihotel.hu\/wp-content\/uploads\/2026\/03\/img-wine-package.png","datePublished":"2023-12-13T13:49:53+00:00","dateModified":"2026-04-29T07:02:24+00:00","breadcrumb":{"@id":"https:\/\/safarihotel.hu\/ajanlataink\/#breadcrumb"},"inLanguage":"en-US","potentialAction":[{"@type":"ReadAction","target":["https:\/\/safarihotel.hu\/ajanlataink\/"]}]},{"@type":"ImageObject","inLanguage":"en-US","@id":"https:\/\/safarihotel.hu\/ajanlataink\/#primaryimage","url":"https:\/\/safarihotel.hu\/wp-content\/uploads\/2026\/03\/img-wine-package.png","contentUrl":"https:\/\/safarihotel.hu\/wp-content\/uploads\/2026\/03\/img-wine-package.png"},{"@type":"BreadcrumbList","@id":"https:\/\/safarihotel.hu\/ajanlataink\/#breadcrumb","itemListElement":[{"@type":"ListItem","position":1,"name":"Kezd\u0151lap","item":"https:\/\/safarihotel.hu\/"},{"@type":"ListItem","position":2,"name":"Our Offers"}]},{"@type":"WebSite","@id":"https:\/\/safarihotel.hu\/#website","url":"https:\/\/safarihotel.hu\/","name":"Safari hotel","description":"A term\u00e9szettel harm\u00f3ni\u00e1ban","publisher":{"@id":"https:\/\/safarihotel.hu\/#organization"},"potentialAction":[{"@type":"SearchAction","target":{"@type":"EntryPoint","urlTemplate":"https:\/\/safarihotel.hu\/?s={search_term_string}"},"query-input":{"@type":"PropertyValueSpecification","valueRequired":true,"valueName":"search_term_string"}}],"inLanguage":"en-US"},{"@type":"Organization","@id":"https:\/\/safarihotel.hu\/#organization","name":"Safari hotel","url":"https:\/\/safarihotel.hu\/","logo":{"@type":"ImageObject","inLanguage":"en-US","@id":"https:\/\/safarihotel.hu\/#\/schema\/logo\/image\/","url":"https:\/\/safarihotel.hu\/wp-content\/uploads\/2023\/11\/logo-safari.png","contentUrl":"https:\/\/safarihotel.hu\/wp-content\/uploads\/2023\/11\/logo-safari.png","width":542,"height":375,"caption":"Safari hotel"},"image":{"@id":"https:\/\/safarihotel.hu\/#\/schema\/logo\/image\/"}}]}},"_links":{"self":[{"href":"https:\/\/safarihotel.hu\/en\/wp-json\/wp\/v2\/pages\/4009","targetHints":{"allow":["GET"]}}],"collection":[{"href":"https:\/\/safarihotel.hu\/en\/wp-json\/wp\/v2\/pages"}],"about":[{"href":"https:\/\/safarihotel.hu\/en\/wp-json\/wp\/v2\/types\/page"}],"author":[{"embeddable":true,"href":"https:\/\/safarihotel.hu\/en\/wp-json\/wp\/v2\/users\/3"}],"replies":[{"embeddable":true,"href":"https:\/\/safarihotel.hu\/en\/wp-json\/wp\/v2\/comments?post=4009"}],"version-history":[{"count":3,"href":"https:\/\/safarihotel.hu\/en\/wp-json\/wp\/v2\/pages\/4009\/revisions"}],"predecessor-version":[{"id":6126,"href":"https:\/\/safarihotel.hu\/en\/wp-json\/wp\/v2\/pages\/4009\/revisions\/6126"}],"wp:attachment":[{"href":"https:\/\/safarihotel.hu\/en\/wp-json\/wp\/v2\/media?parent=4009"}],"curies":[{"name":"wp","href":"https:\/\/api.w.org\/{rel}","templated":true}]}}