{"id":4013,"date":"2023-03-17T07:55:12","date_gmt":"2023-03-17T07:55:12","guid":{"rendered":"https:\/\/safarihotel.hu\/introduction\/"},"modified":"2024-03-01T17:10:27","modified_gmt":"2024-03-01T17:10:27","slug":"introduction","status":"publish","type":"page","link":"https:\/\/safarihotel.hu\/en\/introduction\/","title":{"rendered":"Introduction"},"content":{"rendered":"\t\t<div data-elementor-type=\"wp-page\" data-elementor-id=\"4013\" class=\"elementor elementor-4013\" data-elementor-post-type=\"page\">\n\t\t\t\t\t\t<section class=\"elementor-section elementor-top-section elementor-element elementor-element-223ffc92 elementor-section-height-min-height cs-section-content-fullwidth cs_scroll_y_100 cs-parallax-on-scroll elementor-section-boxed elementor-section-height-default elementor-section-items-middle\" data-id=\"223ffc92\" data-element_type=\"section\" data-e-type=\"section\" data-settings=\"{&quot;background_background&quot;:&quot;classic&quot;}\" data-cs-parallax-y=\"100\" style=\"background-image: none;\" data-cs-background-image=\"https:\/\/safarihotel.hu\/wp-content\/uploads\/2024\/02\/safarilead2.jpg\">\n\t\t\t\t\t\t\t<div class=\"elementor-background-overlay\"><\/div>\n\t\t\t\t\t\t\t<div class=\"elementor-container elementor-column-gap-no\">\n\t\t\t\t\t<div class=\"elementor-column elementor-col-100 elementor-top-column elementor-element elementor-element-6755f0d2 dark-color\" data-id=\"6755f0d2\" data-element_type=\"column\" data-e-type=\"column\">\n\t\t\t<div class=\"elementor-widget-wrap elementor-element-populated\">\n\t\t\t\t\t\t<div class=\"elementor-element elementor-element-1efed886 elementor-widget elementor-widget-cs_title\" data-id=\"1efed886\" data-element_type=\"widget\" data-e-type=\"widget\" data-widget_type=\"cs_title.default\">\n\t\t\t\t<div class=\"elementor-widget-container\">\n\t\t\t\t\t\n        <div class=\"cs-title-wrap text-center\">\t            <h1 class=\"cs-title\">\n\t                Introduction\t            <\/h1>        <\/div>\t\t\t\t<\/div>\n\t\t\t\t<\/div>\n\t\t\t\t\t<\/div>\n\t\t<\/div>\n\t\t\t\t\t<\/div>\n\t\t<\/section>\n\t\t\t\t<section class=\"elementor-section elementor-top-section elementor-element elementor-element-c8d481b cs-section-content-fullwidth elementor-section-boxed elementor-section-height-default elementor-section-height-default\" data-id=\"c8d481b\" data-element_type=\"section\" data-e-type=\"section\" data-settings=\"{&quot;background_background&quot;:&quot;classic&quot;}\">\n\t\t\t\t\t\t<div class=\"elementor-container elementor-column-gap-no\">\n\t\t\t\t\t<div class=\"elementor-column elementor-col-100 elementor-top-column elementor-element elementor-element-d82de7b\" data-id=\"d82de7b\" data-element_type=\"column\" data-e-type=\"column\">\n\t\t\t<div class=\"elementor-widget-wrap elementor-element-populated\">\n\t\t\t\t\t\t<div class=\"elementor-element elementor-element-669cef3 elementor-widget elementor-widget-image\" data-id=\"669cef3\" data-element_type=\"widget\" data-e-type=\"widget\" data-widget_type=\"image.default\">\n\t\t\t\t<div class=\"elementor-widget-container\">\n\t\t\t\t\t\t\t\t\t\t\t\t\t\t\t<img decoding=\"async\" src=\"https:\/\/safarihotel.hu\/wp-content\/uploads\/elementor\/thumbs\/palmtree-green-qhiylfyxlpl9zdbuqhn5osreh1osfnpur6ctb89wtw.png\" title=\"palmtree-green\" alt=\"palmtree-green\" loading=\"lazy\" \/>\t\t\t\t\t\t\t\t\t\t\t\t\t\t\t<\/div>\n\t\t\t\t<\/div>\n\t\t\t\t<div class=\"elementor-element elementor-element-36d5ca3 elementor-widget elementor-widget-cs_title\" data-id=\"36d5ca3\" data-element_type=\"widget\" data-e-type=\"widget\" data-widget_type=\"cs_title.default\">\n\t\t\t\t<div class=\"elementor-widget-container\">\n\t\t\t\t\t\n        <div class=\"cs-title-wrap text-center\">\t            <h2 class=\"cs-title\">\n\t                RELAX IN A GREEN ENVIRONMENT!\t            <\/h2>\t            <div class=\"cs-title-text\">\n\t                <p>Situated in a tranquil green area, far from the hustle and bustle of the city, yet still close to the downtown area, Safari Hotel is Szeged&#8217;s newest hotel.<\/p>\n<p>Blending modern architectural elements with refined elegance in an eclectic style, this three-story hotel is located just 150 meters from the main entrance of the Szeged ZOO, serving as a refreshing oasis among the city&#8217;s lodging options. With its magnificent yet unpretentious appearance, the hotel perfectly harmonizes with nature: neighboring the airy meadow and the leafy trees of the ZOO, alongside its many marvelous animals.<\/p>\n\t            <\/div>        <\/div>\t\t\t\t<\/div>\n\t\t\t\t<\/div>\n\t\t\t\t<div class=\"elementor-element elementor-element-17e61dd cs-animation-small-offset elementor-hidden-mobile elementor-invisible elementor-widget elementor-widget-image\" data-id=\"17e61dd\" data-element_type=\"widget\" data-e-type=\"widget\" data-settings=\"{&quot;_animation&quot;:&quot;fadeInUp&quot;}\" data-widget_type=\"image.default\">\n\t\t\t\t<div class=\"elementor-widget-container\">\n\t\t\t\t\t\t\t\t\t\t\t\t\t\t\t<img fetchpriority=\"high\" decoding=\"async\" width=\"1280\" height=\"853\" src=\"https:\/\/safarihotel.hu\/wp-content\/uploads\/2023\/12\/AdobeStock_214438442.jpeg\" class=\"attachment-cozystay_1440x9999 size-cozystay_1440x9999 wp-image-3112\" alt=\"\" srcset=\"https:\/\/safarihotel.hu\/wp-content\/uploads\/2023\/12\/AdobeStock_214438442.jpeg 1280w, https:\/\/safarihotel.hu\/wp-content\/uploads\/2023\/12\/AdobeStock_214438442-300x200.jpeg 300w, https:\/\/safarihotel.hu\/wp-content\/uploads\/2023\/12\/AdobeStock_214438442-1024x682.jpeg 1024w, https:\/\/safarihotel.hu\/wp-content\/uploads\/2023\/12\/AdobeStock_214438442-768x512.jpeg 768w, https:\/\/safarihotel.hu\/wp-content\/uploads\/2023\/12\/AdobeStock_214438442-1200x800.jpeg 1200w, https:\/\/safarihotel.hu\/wp-content\/uploads\/2023\/12\/AdobeStock_214438442-780x520.jpeg 780w, https:\/\/safarihotel.hu\/wp-content\/uploads\/2023\/12\/AdobeStock_214438442-600x400.jpeg 600w, https:\/\/safarihotel.hu\/wp-content\/uploads\/2023\/12\/AdobeStock_214438442-550x367.jpeg 550w, https:\/\/safarihotel.hu\/wp-content\/uploads\/2023\/12\/AdobeStock_214438442-370x247.jpeg 370w, https:\/\/safarihotel.hu\/wp-content\/uploads\/2023\/12\/AdobeStock_214438442-255x170.jpeg 255w\" sizes=\"(max-width: 1280px) 100vw, 1280px\" \/>\t\t\t\t\t\t\t\t\t\t\t\t\t\t\t<\/div>\n\t\t\t\t<\/div>\n\t\t\t\t\t<\/div>\n\t\t<\/div>\n\t\t\t\t\t<\/div>\n\t\t<\/section>\n\t\t\t\t<section class=\"elementor-section elementor-top-section elementor-element elementor-element-3c6eae9 elementor-section-content-middle elementor-section-boxed elementor-section-height-default elementor-section-height-default\" data-id=\"3c6eae9\" data-element_type=\"section\" data-e-type=\"section\">\n\t\t\t\t\t\t<div class=\"elementor-container elementor-column-gap-no\">\n\t\t\t\t\t<div class=\"elementor-column elementor-col-50 elementor-top-column elementor-element elementor-element-90ce06c\" data-id=\"90ce06c\" data-element_type=\"column\" data-e-type=\"column\">\n\t\t\t<div class=\"elementor-widget-wrap elementor-element-populated\">\n\t\t\t\t\t\t<section class=\"elementor-section elementor-inner-section elementor-element elementor-element-b798790 elementor-section-content-middle elementor-section-boxed elementor-section-height-default elementor-section-height-default\" data-id=\"b798790\" data-element_type=\"section\" data-e-type=\"section\">\n\t\t\t\t\t\t<div class=\"elementor-container elementor-column-gap-no\">\n\t\t\t\t\t<div class=\"elementor-column elementor-col-100 elementor-inner-column elementor-element elementor-element-6ac1814\" data-id=\"6ac1814\" data-element_type=\"column\" data-e-type=\"column\">\n\t\t\t<div class=\"elementor-widget-wrap elementor-element-populated\">\n\t\t\t\t\t\t<div class=\"elementor-element elementor-element-aa85cef animated-fast cs-animation-small-offset elementor-invisible elementor-widget elementor-widget-image\" data-id=\"aa85cef\" data-element_type=\"widget\" data-e-type=\"widget\" data-settings=\"{&quot;_animation&quot;:&quot;fadeInLeft&quot;,&quot;_animation_delay&quot;:150,&quot;_animation_tablet&quot;:&quot;fadeInUp&quot;}\" data-widget_type=\"image.default\">\n\t\t\t\t<div class=\"elementor-widget-container\">\n\t\t\t\t\t\t\t\t\t\t\t\t\t\t\t<img decoding=\"async\" width=\"780\" height=\"1173\" src=\"https:\/\/safarihotel.hu\/wp-content\/uploads\/2023\/12\/szegedi-vadaspark-vadaspark-93994948-780x1173.jpeg\" class=\"attachment-cozystay_780x9999 size-cozystay_780x9999 wp-image-3077\" alt=\"\" srcset=\"https:\/\/safarihotel.hu\/wp-content\/uploads\/2023\/12\/szegedi-vadaspark-vadaspark-93994948-780x1173.jpeg 780w, https:\/\/safarihotel.hu\/wp-content\/uploads\/2023\/12\/szegedi-vadaspark-vadaspark-93994948-200x300.jpeg 200w, https:\/\/safarihotel.hu\/wp-content\/uploads\/2023\/12\/szegedi-vadaspark-vadaspark-93994948-681x1024.jpeg 681w, https:\/\/safarihotel.hu\/wp-content\/uploads\/2023\/12\/szegedi-vadaspark-vadaspark-93994948-768x1155.jpeg 768w, https:\/\/safarihotel.hu\/wp-content\/uploads\/2023\/12\/szegedi-vadaspark-vadaspark-93994948-600x902.jpeg 600w, https:\/\/safarihotel.hu\/wp-content\/uploads\/2023\/12\/szegedi-vadaspark-vadaspark-93994948-550x827.jpeg 550w, https:\/\/safarihotel.hu\/wp-content\/uploads\/2023\/12\/szegedi-vadaspark-vadaspark-93994948-370x556.jpeg 370w, https:\/\/safarihotel.hu\/wp-content\/uploads\/2023\/12\/szegedi-vadaspark-vadaspark-93994948-255x383.jpeg 255w, https:\/\/safarihotel.hu\/wp-content\/uploads\/2023\/12\/szegedi-vadaspark-vadaspark-93994948.jpeg 818w\" sizes=\"(max-width: 780px) 100vw, 780px\" \/>\t\t\t\t\t\t\t\t\t\t\t\t\t\t\t<\/div>\n\t\t\t\t<\/div>\n\t\t\t\t\t<\/div>\n\t\t<\/div>\n\t\t\t\t\t<\/div>\n\t\t<\/section>\n\t\t\t\t\t<\/div>\n\t\t<\/div>\n\t\t\t\t<div class=\"elementor-column elementor-col-50 elementor-top-column elementor-element elementor-element-53a4f6f\" data-id=\"53a4f6f\" data-element_type=\"column\" data-e-type=\"column\">\n\t\t\t<div class=\"elementor-widget-wrap elementor-element-populated\">\n\t\t\t\t\t\t<div class=\"elementor-element elementor-element-a720639 elementor-widget elementor-widget-cs_title\" data-id=\"a720639\" data-element_type=\"widget\" data-e-type=\"widget\" data-widget_type=\"cs_title.default\">\n\t\t\t\t<div class=\"elementor-widget-container\">\n\t\t\t\t\t\n        <div class=\"cs-title-wrap\">\t            <h3 class=\"cs-title\">\n\t                ROMANCE AMONG THE FOLIAGE\t            <\/h3>\t            <div class=\"cs-title-text\">\n\t                <p>Enjoy a special atmosphere while lingering on the hotel&#8217;s terrace and hanging walkways, sipping fragrant coffee, admiring the hotel&#8217;s front yard adorned with palm and olive trees, while occasionally the sounds of the zoo&#8217;s inhabitants break the melodies of rustling trees.<\/p>\n\t            <\/div>        <\/div>\t\t\t\t<\/div>\n\t\t\t\t<\/div>\n\t\t\t\t\t<\/div>\n\t\t<\/div>\n\t\t\t\t\t<\/div>\n\t\t<\/section>\n\t\t\t\t<section class=\"elementor-section elementor-top-section elementor-element elementor-element-fe5f2b4 elementor-section-content-middle elementor-reverse-tablet elementor-reverse-mobile elementor-section-boxed elementor-section-height-default elementor-section-height-default\" data-id=\"fe5f2b4\" data-element_type=\"section\" data-e-type=\"section\">\n\t\t\t\t\t\t<div class=\"elementor-container elementor-column-gap-no\">\n\t\t\t\t\t<div class=\"elementor-column elementor-col-50 elementor-top-column elementor-element elementor-element-d86d8e4\" data-id=\"d86d8e4\" data-element_type=\"column\" data-e-type=\"column\">\n\t\t\t<div class=\"elementor-widget-wrap elementor-element-populated\">\n\t\t\t\t\t\t<div class=\"elementor-element elementor-element-35e1748 elementor-widget elementor-widget-cs_title\" data-id=\"35e1748\" data-element_type=\"widget\" data-e-type=\"widget\" data-widget_type=\"cs_title.default\">\n\t\t\t\t<div class=\"elementor-widget-container\">\n\t\t\t\t\t\n        <div class=\"cs-title-wrap\">\t            <h3 class=\"cs-title\">\n\t                BOUNDLESS RELAXATION\t            <\/h3>\t            <div class=\"cs-title-text\">\n\t                <p class=\"MsoNormal\" style=\"line-height: normal;\"><span style=\"font-size: 14.0pt; mso-bidi-font-family: Calibri; mso-bidi-theme-font: minor-latin;\">The modern amenities and comfortable rooms of Safari Hotel offer relaxation and tranquility not only for families, couples, and groups of friends exploring the City of Sunshine in Szeged but also for those passing through or on business trips due to its proximity to the Serbian and Romanian borders, as well as the M5 and M43 motorways.<\/span><\/p>\n\t            <\/div>        <\/div>\t\t\t\t<\/div>\n\t\t\t\t<\/div>\n\t\t\t\t\t<\/div>\n\t\t<\/div>\n\t\t\t\t<div class=\"elementor-column elementor-col-50 elementor-top-column elementor-element elementor-element-8d48141\" data-id=\"8d48141\" data-element_type=\"column\" data-e-type=\"column\">\n\t\t\t<div class=\"elementor-widget-wrap elementor-element-populated\">\n\t\t\t\t\t\t<section class=\"elementor-section elementor-inner-section elementor-element elementor-element-5a75b45 elementor-section-boxed elementor-section-height-default elementor-section-height-default\" data-id=\"5a75b45\" data-element_type=\"section\" data-e-type=\"section\">\n\t\t\t\t\t\t<div class=\"elementor-container elementor-column-gap-no\">\n\t\t\t\t\t<div class=\"elementor-column elementor-col-100 elementor-inner-column elementor-element elementor-element-0faa92d\" data-id=\"0faa92d\" data-element_type=\"column\" data-e-type=\"column\">\n\t\t\t<div class=\"elementor-widget-wrap elementor-element-populated\">\n\t\t\t\t\t\t<div class=\"elementor-element elementor-element-c4dc06c animated-fast cs-animation-small-offset elementor-invisible elementor-widget elementor-widget-image\" data-id=\"c4dc06c\" data-element_type=\"widget\" data-e-type=\"widget\" data-settings=\"{&quot;_animation&quot;:&quot;fadeInRight&quot;,&quot;_animation_tablet&quot;:&quot;fadeInUp&quot;}\" data-widget_type=\"image.default\">\n\t\t\t\t<div class=\"elementor-widget-container\">\n\t\t\t\t\t\t\t\t\t\t\t\t\t\t\t<img decoding=\"async\" width=\"600\" height=\"902\" src=\"https:\/\/safarihotel.hu\/wp-content\/uploads\/2023\/12\/Szeged_dom_2021_04-600x902.jpg\" class=\"attachment-cozystay_600x9999 size-cozystay_600x9999 wp-image-3075\" alt=\"\" srcset=\"https:\/\/safarihotel.hu\/wp-content\/uploads\/2023\/12\/Szeged_dom_2021_04-600x902.jpg 600w, https:\/\/safarihotel.hu\/wp-content\/uploads\/2023\/12\/Szeged_dom_2021_04-200x300.jpg 200w, https:\/\/safarihotel.hu\/wp-content\/uploads\/2023\/12\/Szeged_dom_2021_04-681x1024.jpg 681w, https:\/\/safarihotel.hu\/wp-content\/uploads\/2023\/12\/Szeged_dom_2021_04-768x1155.jpg 768w, https:\/\/safarihotel.hu\/wp-content\/uploads\/2023\/12\/Szeged_dom_2021_04-780x1173.jpg 780w, https:\/\/safarihotel.hu\/wp-content\/uploads\/2023\/12\/Szeged_dom_2021_04-550x827.jpg 550w, https:\/\/safarihotel.hu\/wp-content\/uploads\/2023\/12\/Szeged_dom_2021_04-370x556.jpg 370w, https:\/\/safarihotel.hu\/wp-content\/uploads\/2023\/12\/Szeged_dom_2021_04-255x383.jpg 255w, https:\/\/safarihotel.hu\/wp-content\/uploads\/2023\/12\/Szeged_dom_2021_04.jpg 818w\" sizes=\"(max-width: 600px) 100vw, 600px\" \/>\t\t\t\t\t\t\t\t\t\t\t\t\t\t\t<\/div>\n\t\t\t\t<\/div>\n\t\t\t\t\t<\/div>\n\t\t<\/div>\n\t\t\t\t\t<\/div>\n\t\t<\/section>\n\t\t\t\t\t<\/div>\n\t\t<\/div>\n\t\t\t\t\t<\/div>\n\t\t<\/section>\n\t\t\t\t<\/div>\n\t\t","protected":false},"excerpt":{"rendered":"<p>Introduction RELAX IN A GREEN ENVIRONMENT! Situated in a tranquil green area, far from the hustle and bustle of the city, yet still close to the downtown area, Safari Hotel is Szeged&#8217;s newest hotel. Blending modern architectural elements with refined elegance in an eclectic style, this three-story hotel is located just 150 meters from the &#8230;<\/p>\n","protected":false},"author":3,"featured_media":0,"parent":0,"menu_order":0,"comment_status":"closed","ping_status":"closed","template":"template-wide-content.php","meta":{"_acf_changed":false,"cozystay_single_page_hide_site_header":"","cozystay_single_page_site_header_source":"","cozystay_single_page_custom_site_header":"0","cozystay_single_page_custom_sticky_site_header":"0","cozystay_single_page_hide_page_title":"","cozystay_single_page_header_section_size":"","cozystay_single_page_header_background_color":"","cozystay_single_page_header_background_position_x":"center","cozystay_single_page_header_background_position_y":"center","cozystay_single_page_header_background_size":"cover","cozystay_single_page_header_background_repeat":"off","cozystay_single_page_header_background_scroll":"on","cozystay_single_page_header_text_color":"","cozystay_single_page_header_show_breadcrumb":"","cozystay_single_page_site_footer_hide_main":"","cozystay_single_custom_site_footer_main_source":"","cozystay_single_custom_site_footer_main":"0","cozystay_single_page_site_footer_hide_above":"","cozystay_single_custom_site_footer_above_source":"","cozystay_single_custom_site_footer_above":"0","cozystay_single_page_site_footer_hide_instagram":"","cozystay_single_page_site_footer_hide_bottom":"","cozystay_single_custom_mobile_menu_source":"","cozystay_single_custom_mobile_menu":"0","cozystay_single_custom_mobile_menu_animation":"","cozystay_single_custom_mobile_menu_width":"","cozystay_single_custom_mobile_menu_custom_width":375,"footnotes":""},"class_list":["post-4013","page","type-page","status-publish","hentry"],"acf":[],"yoast_head":"<!-- This site is optimized with the Yoast SEO Premium plugin v27.3 (Yoast SEO v27.3) - https:\/\/yoast.com\/product\/yoast-seo-premium-wordpress\/ -->\n<title>Introduction - Safari hotel<\/title>\n<meta name=\"robots\" content=\"index, follow, max-snippet:-1, max-image-preview:large, max-video-preview:-1\" \/>\n<link rel=\"canonical\" href=\"https:\/\/safarihotel.hu\/en\/introduction\/\" \/>\n<meta property=\"og:locale\" content=\"en_US\" \/>\n<meta property=\"og:type\" content=\"article\" \/>\n<meta property=\"og:title\" content=\"Introduction\" \/>\n<meta property=\"og:description\" content=\"Introduction RELAX IN A GREEN ENVIRONMENT! Situated in a tranquil green area, far from the hustle and bustle of the city, yet still close to the downtown area, Safari Hotel is Szeged&#8217;s newest hotel. Blending modern architectural elements with refined elegance in an eclectic style, this three-story hotel is located just 150 meters from the ...\" \/>\n<meta property=\"og:url\" content=\"https:\/\/safarihotel.hu\/en\/introduction\/\" \/>\n<meta property=\"og:site_name\" content=\"Safari hotel\" \/>\n<meta property=\"article:modified_time\" content=\"2024-03-01T17:10:27+00:00\" \/>\n<meta property=\"og:image\" content=\"https:\/\/safarihotel.hu\/wp-content\/uploads\/elementor\/thumbs\/palmtree-green-qhiylfyxlpl9zdbuqhn5osreh1osfnpur6ctb89wtw.png\" \/>\n<meta name=\"twitter:card\" content=\"summary_large_image\" \/>\n<meta name=\"twitter:label1\" content=\"Est. reading time\" \/>\n\t<meta name=\"twitter:data1\" content=\"2 minutes\" \/>\n<script type=\"application\/ld+json\" class=\"yoast-schema-graph\">{\"@context\":\"https:\\\/\\\/schema.org\",\"@graph\":[{\"@type\":\"WebPage\",\"@id\":\"https:\\\/\\\/safarihotel.hu\\\/en\\\/introduction\\\/\",\"url\":\"https:\\\/\\\/safarihotel.hu\\\/en\\\/introduction\\\/\",\"name\":\"Introduction - Safari hotel\",\"isPartOf\":{\"@id\":\"https:\\\/\\\/safarihotel.hu\\\/#website\"},\"primaryImageOfPage\":{\"@id\":\"https:\\\/\\\/safarihotel.hu\\\/en\\\/introduction\\\/#primaryimage\"},\"image\":{\"@id\":\"https:\\\/\\\/safarihotel.hu\\\/en\\\/introduction\\\/#primaryimage\"},\"thumbnailUrl\":\"https:\\\/\\\/safarihotel.hu\\\/wp-content\\\/uploads\\\/elementor\\\/thumbs\\\/palmtree-green-qhiylfyxlpl9zdbuqhn5osreh1osfnpur6ctb89wtw.png\",\"datePublished\":\"2023-03-17T07:55:12+00:00\",\"dateModified\":\"2024-03-01T17:10:27+00:00\",\"breadcrumb\":{\"@id\":\"https:\\\/\\\/safarihotel.hu\\\/en\\\/introduction\\\/#breadcrumb\"},\"inLanguage\":\"en-US\",\"potentialAction\":[{\"@type\":\"ReadAction\",\"target\":[\"https:\\\/\\\/safarihotel.hu\\\/en\\\/introduction\\\/\"]}]},{\"@type\":\"ImageObject\",\"inLanguage\":\"en-US\",\"@id\":\"https:\\\/\\\/safarihotel.hu\\\/en\\\/introduction\\\/#primaryimage\",\"url\":\"https:\\\/\\\/safarihotel.hu\\\/wp-content\\\/uploads\\\/elementor\\\/thumbs\\\/palmtree-green-qhiylfyxlpl9zdbuqhn5osreh1osfnpur6ctb89wtw.png\",\"contentUrl\":\"https:\\\/\\\/safarihotel.hu\\\/wp-content\\\/uploads\\\/elementor\\\/thumbs\\\/palmtree-green-qhiylfyxlpl9zdbuqhn5osreh1osfnpur6ctb89wtw.png\"},{\"@type\":\"BreadcrumbList\",\"@id\":\"https:\\\/\\\/safarihotel.hu\\\/en\\\/introduction\\\/#breadcrumb\",\"itemListElement\":[{\"@type\":\"ListItem\",\"position\":1,\"name\":\"Kezd\u0151lap\",\"item\":\"https:\\\/\\\/safarihotel.hu\\\/en\\\/\"},{\"@type\":\"ListItem\",\"position\":2,\"name\":\"Introduction\"}]},{\"@type\":\"WebSite\",\"@id\":\"https:\\\/\\\/safarihotel.hu\\\/#website\",\"url\":\"https:\\\/\\\/safarihotel.hu\\\/\",\"name\":\"Safari hotel\",\"description\":\"A term\u00e9szettel harm\u00f3ni\u00e1ban\",\"publisher\":{\"@id\":\"https:\\\/\\\/safarihotel.hu\\\/#organization\"},\"potentialAction\":[{\"@type\":\"SearchAction\",\"target\":{\"@type\":\"EntryPoint\",\"urlTemplate\":\"https:\\\/\\\/safarihotel.hu\\\/?s={search_term_string}\"},\"query-input\":{\"@type\":\"PropertyValueSpecification\",\"valueRequired\":true,\"valueName\":\"search_term_string\"}}],\"inLanguage\":\"en-US\"},{\"@type\":\"Organization\",\"@id\":\"https:\\\/\\\/safarihotel.hu\\\/#organization\",\"name\":\"Safari hotel\",\"url\":\"https:\\\/\\\/safarihotel.hu\\\/\",\"logo\":{\"@type\":\"ImageObject\",\"inLanguage\":\"en-US\",\"@id\":\"https:\\\/\\\/safarihotel.hu\\\/#\\\/schema\\\/logo\\\/image\\\/\",\"url\":\"https:\\\/\\\/safarihotel.hu\\\/wp-content\\\/uploads\\\/2023\\\/11\\\/logo-safari.png\",\"contentUrl\":\"https:\\\/\\\/safarihotel.hu\\\/wp-content\\\/uploads\\\/2023\\\/11\\\/logo-safari.png\",\"width\":542,\"height\":375,\"caption\":\"Safari hotel\"},\"image\":{\"@id\":\"https:\\\/\\\/safarihotel.hu\\\/#\\\/schema\\\/logo\\\/image\\\/\"}}]}<\/script>\n<!-- \/ Yoast SEO Premium plugin. -->","yoast_head_json":{"title":"Introduction - Safari hotel","robots":{"index":"index","follow":"follow","max-snippet":"max-snippet:-1","max-image-preview":"max-image-preview:large","max-video-preview":"max-video-preview:-1"},"canonical":"https:\/\/safarihotel.hu\/en\/introduction\/","og_locale":"en_US","og_type":"article","og_title":"Introduction","og_description":"Introduction RELAX IN A GREEN ENVIRONMENT! Situated in a tranquil green area, far from the hustle and bustle of the city, yet still close to the downtown area, Safari Hotel is Szeged&#8217;s newest hotel. Blending modern architectural elements with refined elegance in an eclectic style, this three-story hotel is located just 150 meters from the ...","og_url":"https:\/\/safarihotel.hu\/en\/introduction\/","og_site_name":"Safari hotel","article_modified_time":"2024-03-01T17:10:27+00:00","og_image":[{"url":"https:\/\/safarihotel.hu\/wp-content\/uploads\/elementor\/thumbs\/palmtree-green-qhiylfyxlpl9zdbuqhn5osreh1osfnpur6ctb89wtw.png","type":"","width":"","height":""}],"twitter_card":"summary_large_image","twitter_misc":{"Est. reading time":"2 minutes"},"schema":{"@context":"https:\/\/schema.org","@graph":[{"@type":"WebPage","@id":"https:\/\/safarihotel.hu\/en\/introduction\/","url":"https:\/\/safarihotel.hu\/en\/introduction\/","name":"Introduction - Safari hotel","isPartOf":{"@id":"https:\/\/safarihotel.hu\/#website"},"primaryImageOfPage":{"@id":"https:\/\/safarihotel.hu\/en\/introduction\/#primaryimage"},"image":{"@id":"https:\/\/safarihotel.hu\/en\/introduction\/#primaryimage"},"thumbnailUrl":"https:\/\/safarihotel.hu\/wp-content\/uploads\/elementor\/thumbs\/palmtree-green-qhiylfyxlpl9zdbuqhn5osreh1osfnpur6ctb89wtw.png","datePublished":"2023-03-17T07:55:12+00:00","dateModified":"2024-03-01T17:10:27+00:00","breadcrumb":{"@id":"https:\/\/safarihotel.hu\/en\/introduction\/#breadcrumb"},"inLanguage":"en-US","potentialAction":[{"@type":"ReadAction","target":["https:\/\/safarihotel.hu\/en\/introduction\/"]}]},{"@type":"ImageObject","inLanguage":"en-US","@id":"https:\/\/safarihotel.hu\/en\/introduction\/#primaryimage","url":"https:\/\/safarihotel.hu\/wp-content\/uploads\/elementor\/thumbs\/palmtree-green-qhiylfyxlpl9zdbuqhn5osreh1osfnpur6ctb89wtw.png","contentUrl":"https:\/\/safarihotel.hu\/wp-content\/uploads\/elementor\/thumbs\/palmtree-green-qhiylfyxlpl9zdbuqhn5osreh1osfnpur6ctb89wtw.png"},{"@type":"BreadcrumbList","@id":"https:\/\/safarihotel.hu\/en\/introduction\/#breadcrumb","itemListElement":[{"@type":"ListItem","position":1,"name":"Kezd\u0151lap","item":"https:\/\/safarihotel.hu\/en\/"},{"@type":"ListItem","position":2,"name":"Introduction"}]},{"@type":"WebSite","@id":"https:\/\/safarihotel.hu\/#website","url":"https:\/\/safarihotel.hu\/","name":"Safari hotel","description":"A term\u00e9szettel harm\u00f3ni\u00e1ban","publisher":{"@id":"https:\/\/safarihotel.hu\/#organization"},"potentialAction":[{"@type":"SearchAction","target":{"@type":"EntryPoint","urlTemplate":"https:\/\/safarihotel.hu\/?s={search_term_string}"},"query-input":{"@type":"PropertyValueSpecification","valueRequired":true,"valueName":"search_term_string"}}],"inLanguage":"en-US"},{"@type":"Organization","@id":"https:\/\/safarihotel.hu\/#organization","name":"Safari hotel","url":"https:\/\/safarihotel.hu\/","logo":{"@type":"ImageObject","inLanguage":"en-US","@id":"https:\/\/safarihotel.hu\/#\/schema\/logo\/image\/","url":"https:\/\/safarihotel.hu\/wp-content\/uploads\/2023\/11\/logo-safari.png","contentUrl":"https:\/\/safarihotel.hu\/wp-content\/uploads\/2023\/11\/logo-safari.png","width":542,"height":375,"caption":"Safari hotel"},"image":{"@id":"https:\/\/safarihotel.hu\/#\/schema\/logo\/image\/"}}]}},"_links":{"self":[{"href":"https:\/\/safarihotel.hu\/en\/wp-json\/wp\/v2\/pages\/4013","targetHints":{"allow":["GET"]}}],"collection":[{"href":"https:\/\/safarihotel.hu\/en\/wp-json\/wp\/v2\/pages"}],"about":[{"href":"https:\/\/safarihotel.hu\/en\/wp-json\/wp\/v2\/types\/page"}],"author":[{"embeddable":true,"href":"https:\/\/safarihotel.hu\/en\/wp-json\/wp\/v2\/users\/3"}],"replies":[{"embeddable":true,"href":"https:\/\/safarihotel.hu\/en\/wp-json\/wp\/v2\/comments?post=4013"}],"version-history":[{"count":3,"href":"https:\/\/safarihotel.hu\/en\/wp-json\/wp\/v2\/pages\/4013\/revisions"}],"predecessor-version":[{"id":4411,"href":"https:\/\/safarihotel.hu\/en\/wp-json\/wp\/v2\/pages\/4013\/revisions\/4411"}],"wp:attachment":[{"href":"https:\/\/safarihotel.hu\/en\/wp-json\/wp\/v2\/media?parent=4013"}],"curies":[{"name":"wp","href":"https:\/\/api.w.org\/{rel}","templated":true}]}}