{"id":4027,"date":"2023-12-10T19:40:27","date_gmt":"2023-12-10T19:40:27","guid":{"rendered":"https:\/\/safarihotel.hu\/sights\/"},"modified":"2024-03-01T17:01:52","modified_gmt":"2024-03-01T17:01:52","slug":"sights","status":"publish","type":"page","link":"https:\/\/safarihotel.hu\/en\/sights\/","title":{"rendered":"SIGHTS"},"content":{"rendered":"\t\t<div data-elementor-type=\"wp-page\" data-elementor-id=\"4027\" class=\"elementor elementor-4027\" data-elementor-post-type=\"page\">\n\t\t\t\t\t\t<section class=\"elementor-section elementor-top-section elementor-element elementor-element-ca1656d elementor-section-height-min-height cs-section-content-fullwidth cs-parallax-on-scroll cs_scroll_y_100 elementor-section-full_width elementor-section-height-default elementor-section-items-middle\" data-id=\"ca1656d\" data-element_type=\"section\" data-e-type=\"section\" data-settings=\"{&quot;background_background&quot;:&quot;classic&quot;}\" data-cs-parallax-y=\"100\" style=\"background-image: none;\" data-cs-background-image=\"https:\/\/safarihotel.hu\/wp-content\/uploads\/2023\/12\/oriaskerek.jpeg\">\n\t\t\t\t\t\t\t<div class=\"elementor-background-overlay\"><\/div>\n\t\t\t\t\t\t\t<div class=\"elementor-container elementor-column-gap-no\">\n\t\t\t\t\t<div class=\"elementor-column elementor-col-100 elementor-top-column elementor-element elementor-element-6b2c1df dark-color\" data-id=\"6b2c1df\" data-element_type=\"column\" data-e-type=\"column\">\n\t\t\t<div class=\"elementor-widget-wrap elementor-element-populated\">\n\t\t\t\t\t\t<div class=\"elementor-element elementor-element-ed3f97e elementor-widget elementor-widget-cs_title\" data-id=\"ed3f97e\" data-element_type=\"widget\" data-e-type=\"widget\" data-widget_type=\"cs_title.default\">\n\t\t\t\t<div class=\"elementor-widget-container\">\n\t\t\t\t\t\n        <div class=\"cs-title-wrap text-center\">\t            <h1 class=\"cs-title\">\n\t                SIGHTS\t            <\/h1>        <\/div>\t\t\t\t<\/div>\n\t\t\t\t<\/div>\n\t\t\t\t\t<\/div>\n\t\t<\/div>\n\t\t\t\t\t<\/div>\n\t\t<\/section>\n\t\t<div class=\"elementor-element elementor-element-8ab8130 e-flex e-con-boxed e-con e-parent\" data-id=\"8ab8130\" data-element_type=\"container\" data-e-type=\"container\" id=\"szeged\">\n\t\t\t\t\t<div class=\"e-con-inner\">\n\t\t<div class=\"elementor-element elementor-element-946f817 e-con-full e-flex e-con e-child\" data-id=\"946f817\" data-element_type=\"container\" data-e-type=\"container\">\n\t\t\t\t<div class=\"elementor-element elementor-element-c54ab44 elementor-widget elementor-widget-cs_call_to_action\" data-id=\"c54ab44\" data-element_type=\"widget\" data-e-type=\"widget\" data-widget_type=\"cs_call_to_action.default\">\n\t\t\t\t<div class=\"elementor-widget-container\">\n\t\t\t\t\t\n\t\t<div class=\"cs-cta cta-layout-text-overlap content-middle text-center cta-hover-img-zoom\">\n            <div class=\"cs-cta-wrap\">\t\t               \t<div class=\"cs-cta-img\">\n\t\t                    <img fetchpriority=\"high\" decoding=\"async\" width=\"818\" height=\"1230\" src=\"https:\/\/safarihotel.hu\/wp-content\/uploads\/2023\/12\/Szeged_dom_2021_04.jpg\" class=\"attachment-full size-full wp-image-3075\" alt=\"\" srcset=\"https:\/\/safarihotel.hu\/wp-content\/uploads\/2023\/12\/Szeged_dom_2021_04.jpg 818w, https:\/\/safarihotel.hu\/wp-content\/uploads\/2023\/12\/Szeged_dom_2021_04-200x300.jpg 200w, https:\/\/safarihotel.hu\/wp-content\/uploads\/2023\/12\/Szeged_dom_2021_04-681x1024.jpg 681w, https:\/\/safarihotel.hu\/wp-content\/uploads\/2023\/12\/Szeged_dom_2021_04-768x1155.jpg 768w, https:\/\/safarihotel.hu\/wp-content\/uploads\/2023\/12\/Szeged_dom_2021_04-780x1173.jpg 780w, https:\/\/safarihotel.hu\/wp-content\/uploads\/2023\/12\/Szeged_dom_2021_04-600x902.jpg 600w, https:\/\/safarihotel.hu\/wp-content\/uploads\/2023\/12\/Szeged_dom_2021_04-550x827.jpg 550w, https:\/\/safarihotel.hu\/wp-content\/uploads\/2023\/12\/Szeged_dom_2021_04-370x556.jpg 370w, https:\/\/safarihotel.hu\/wp-content\/uploads\/2023\/12\/Szeged_dom_2021_04-255x383.jpg 255w\" sizes=\"(max-width: 818px) 100vw, 818px\" \/>\t\t                <\/div>                <div class=\"cs-cta-overlay\"><\/div>\n                <div class=\"cs-cta-content\">\t\t\t<\/div>                <a class=\"cs-cta-link\" href=\"#\"><\/a>            <\/div>\n        <\/div>\t\t\t\t<\/div>\n\t\t\t\t<\/div>\n\t\t\t\t<\/div>\n\t\t<div class=\"elementor-element elementor-element-535e2e9 e-con-full e-flex e-con e-child\" data-id=\"535e2e9\" data-element_type=\"container\" data-e-type=\"container\">\n\t\t\t\t<div class=\"elementor-element elementor-element-a7cb244 elementor-widget elementor-widget-cs_title\" data-id=\"a7cb244\" data-element_type=\"widget\" data-e-type=\"widget\" data-widget_type=\"cs_title.default\">\n\t\t\t\t<div class=\"elementor-widget-container\">\n\t\t\t\t\t\n        <div class=\"cs-title-wrap text-center\">\t            <h4 class=\"cs-title\">\n\t                SZEGED, THE CITY OF SUNSHINE\t            <\/h4>\t            <div class=\"cs-title-text\">\n\t                <p>Just a few minutes away from the tram stop, the city center can be reached within 5-10 minutes by tram, offering numerous attractions such as the Cathedral Square, the famous musical fountain on Dugonics Square, and one of Hungary&#8217;s Art Nouveau masterpieces, the Re\u00f6k Palace. It&#8217;s a great idea to take a stroll along K\u00e1r\u00e1sz Street all the way to Sz\u00e9chenyi Square, continuing on to enjoy the \u2019Belv\u00e1rosi\u2019 Cinema, the &#8216;Stef\u00e1nia&#8217;, in the elegant &#8216;Hungi Vigad\u00f3&#8217; building, and the square in front of the M\u00f3ra Ferenc Museum. Along the promenade running alongside the Tisza River, visitors are greeted with breathtaking views. The Turkish bath \u2019Anna-f\u00fcrd\u0151\u2019 is suitable for relaxation.<\/p>\n<p>The Botanical Garden invites with its eye-catching parks and plants. During a walk in the lower town, tourists may come across the curious sunlit houses.<\/p>\n<p>Szeged is also easily explorable by bike: near the Safari Hotel, electric scooters and bicycles are available for rent.<\/p>\n\t            <\/div>                <div class=\"cs-title-btn\">\n                    <a class=\"button elementor-button-link\" role=\"button\" href=\"https:\/\/szegedtourism.hu\/hu\/fooldal\/\">\n                        <span class=\"cs-btn-text\">Discover<\/span>                    <\/a>\n                <\/div>\n                    <\/div>\t\t\t\t<\/div>\n\t\t\t\t<\/div>\n\t\t\t\t<\/div>\n\t\t\t\t\t<\/div>\n\t\t\t\t<\/div>\n\t\t<div class=\"elementor-element elementor-element-0817926 e-flex e-con-boxed e-con e-parent\" data-id=\"0817926\" data-element_type=\"container\" data-e-type=\"container\" id=\"vadaspark\">\n\t\t\t\t\t<div class=\"e-con-inner\">\n\t\t<div class=\"elementor-element elementor-element-9efabf7 e-con-full e-flex e-con e-child\" data-id=\"9efabf7\" data-element_type=\"container\" data-e-type=\"container\">\n\t\t\t\t<div class=\"elementor-element elementor-element-840f0a2 elementor-widget__width-initial elementor-widget elementor-widget-cs_call_to_action\" data-id=\"840f0a2\" data-element_type=\"widget\" data-e-type=\"widget\" data-widget_type=\"cs_call_to_action.default\">\n\t\t\t\t<div class=\"elementor-widget-container\">\n\t\t\t\t\t\n\t\t<div class=\"cs-cta cta-layout-text-overlap content-middle text-center cta-hover-img-zoom\">\n            <div class=\"cs-cta-wrap\">\t\t               \t<div class=\"cs-cta-img\">\n\t\t                    <img decoding=\"async\" width=\"818\" height=\"1230\" src=\"https:\/\/safarihotel.hu\/wp-content\/uploads\/2023\/12\/szegedi-vadaspark-vadaspark-93994948.jpeg\" class=\"attachment-full size-full wp-image-3077\" alt=\"\" srcset=\"https:\/\/safarihotel.hu\/wp-content\/uploads\/2023\/12\/szegedi-vadaspark-vadaspark-93994948.jpeg 818w, https:\/\/safarihotel.hu\/wp-content\/uploads\/2023\/12\/szegedi-vadaspark-vadaspark-93994948-200x300.jpeg 200w, https:\/\/safarihotel.hu\/wp-content\/uploads\/2023\/12\/szegedi-vadaspark-vadaspark-93994948-681x1024.jpeg 681w, https:\/\/safarihotel.hu\/wp-content\/uploads\/2023\/12\/szegedi-vadaspark-vadaspark-93994948-768x1155.jpeg 768w, https:\/\/safarihotel.hu\/wp-content\/uploads\/2023\/12\/szegedi-vadaspark-vadaspark-93994948-780x1173.jpeg 780w, https:\/\/safarihotel.hu\/wp-content\/uploads\/2023\/12\/szegedi-vadaspark-vadaspark-93994948-600x902.jpeg 600w, https:\/\/safarihotel.hu\/wp-content\/uploads\/2023\/12\/szegedi-vadaspark-vadaspark-93994948-550x827.jpeg 550w, https:\/\/safarihotel.hu\/wp-content\/uploads\/2023\/12\/szegedi-vadaspark-vadaspark-93994948-370x556.jpeg 370w, https:\/\/safarihotel.hu\/wp-content\/uploads\/2023\/12\/szegedi-vadaspark-vadaspark-93994948-255x383.jpeg 255w\" sizes=\"(max-width: 818px) 100vw, 818px\" \/>\t\t                <\/div>                <div class=\"cs-cta-overlay\"><\/div>\n                <div class=\"cs-cta-content\">\t\t\t<\/div>                <a class=\"cs-cta-link\" href=\"#\"><\/a>            <\/div>\n        <\/div>\t\t\t\t<\/div>\n\t\t\t\t<\/div>\n\t\t\t\t<\/div>\n\t\t<div class=\"elementor-element elementor-element-ee42338 e-flex e-con-boxed e-con e-child\" data-id=\"ee42338\" data-element_type=\"container\" data-e-type=\"container\">\n\t\t\t\t\t<div class=\"e-con-inner\">\n\t\t\t\t<div class=\"elementor-element elementor-element-89e006c elementor-widget elementor-widget-cs_title\" data-id=\"89e006c\" data-element_type=\"widget\" data-e-type=\"widget\" data-widget_type=\"cs_title.default\">\n\t\t\t\t<div class=\"elementor-widget-container\">\n\t\t\t\t\t\n        <div class=\"cs-title-wrap text-center\">\t            <h4 class=\"cs-title\">\n\t                Zoo\t            <\/h4>\t            <div class=\"cs-title-text\">\n\t                <p>The Szeged ZOO is one of Hungary&#8217;s youngest but largest zoos. It opened its doors to visitors in 1989 and has since been a popular leisure destination.<\/p>\n<p>The park covers an area of 45 hectares and showcases over 1,000 animals representing more than 200 species. The animals are grouped by continents, allowing visitors to get acquainted with the wildlife of various regions of the world.<\/p>\n<p>The ZOO is open year-round and offers various programs for visitors, including feeding demonstrations, zoo educational activities, and night tours. The Szeged Zoo provides an excellent opportunity for nature-based recreation and getting to know the animals.<\/p>\n\t            <\/div>                <div class=\"cs-title-btn\">\n                    <a class=\"button elementor-button-link\" role=\"button\" href=\"http:\/\/www.zooszeged.hu\/\">\n                        <span class=\"cs-btn-text\">Discover<\/span>                    <\/a>\n                <\/div>\n                    <\/div>\t\t\t\t<\/div>\n\t\t\t\t<\/div>\n\t\t\t\t\t<\/div>\n\t\t\t\t<\/div>\n\t\t\t\t\t<\/div>\n\t\t\t\t<\/div>\n\t\t<div class=\"elementor-element elementor-element-2799478 e-flex e-con-boxed e-con e-parent\" data-id=\"2799478\" data-element_type=\"container\" data-e-type=\"container\" id=\"gasztronomia\">\n\t\t\t\t\t<div class=\"e-con-inner\">\n\t\t<div class=\"elementor-element elementor-element-fa1ff53 e-con-full e-flex e-con e-child\" data-id=\"fa1ff53\" data-element_type=\"container\" data-e-type=\"container\">\n\t\t\t\t<div class=\"elementor-element elementor-element-dc7bf0b elementor-widget elementor-widget-cs_call_to_action\" data-id=\"dc7bf0b\" data-element_type=\"widget\" data-e-type=\"widget\" data-widget_type=\"cs_call_to_action.default\">\n\t\t\t\t<div class=\"elementor-widget-container\">\n\t\t\t\t\t\n\t\t<div class=\"cs-cta cta-layout-text-overlap content-middle text-center cta-hover-img-zoom\">\n            <div class=\"cs-cta-wrap\">\t\t               \t<div class=\"cs-cta-img\">\n\t\t                    <img decoding=\"async\" width=\"818\" height=\"1230\" src=\"https:\/\/safarihotel.hu\/wp-content\/uploads\/2023\/12\/halaszle2.jpg\" class=\"attachment-full size-full wp-image-3078\" alt=\"\" srcset=\"https:\/\/safarihotel.hu\/wp-content\/uploads\/2023\/12\/halaszle2.jpg 818w, https:\/\/safarihotel.hu\/wp-content\/uploads\/2023\/12\/halaszle2-200x300.jpg 200w, https:\/\/safarihotel.hu\/wp-content\/uploads\/2023\/12\/halaszle2-681x1024.jpg 681w, https:\/\/safarihotel.hu\/wp-content\/uploads\/2023\/12\/halaszle2-768x1155.jpg 768w, https:\/\/safarihotel.hu\/wp-content\/uploads\/2023\/12\/halaszle2-780x1173.jpg 780w, https:\/\/safarihotel.hu\/wp-content\/uploads\/2023\/12\/halaszle2-600x902.jpg 600w, https:\/\/safarihotel.hu\/wp-content\/uploads\/2023\/12\/halaszle2-550x827.jpg 550w, https:\/\/safarihotel.hu\/wp-content\/uploads\/2023\/12\/halaszle2-370x556.jpg 370w, https:\/\/safarihotel.hu\/wp-content\/uploads\/2023\/12\/halaszle2-255x383.jpg 255w\" sizes=\"(max-width: 818px) 100vw, 818px\" \/>\t\t                <\/div>                <div class=\"cs-cta-overlay\"><\/div>\n                <div class=\"cs-cta-content\">\t\t\t<\/div>                <a class=\"cs-cta-link\" href=\"#\"><\/a>            <\/div>\n        <\/div>\t\t\t\t<\/div>\n\t\t\t\t<\/div>\n\t\t\t\t<\/div>\n\t\t<div class=\"elementor-element elementor-element-8272d3c e-con-full e-flex e-con e-child\" data-id=\"8272d3c\" data-element_type=\"container\" data-e-type=\"container\">\n\t\t\t\t<div class=\"elementor-element elementor-element-b266615 elementor-widget elementor-widget-cs_title\" data-id=\"b266615\" data-element_type=\"widget\" data-e-type=\"widget\" data-widget_type=\"cs_title.default\">\n\t\t\t\t<div class=\"elementor-widget-container\">\n\t\t\t\t\t\n        <div class=\"cs-title-wrap text-center\">\t            <h4 class=\"cs-title\">\n\t                GASTRONOMY\t            <\/h4>\t            <div class=\"cs-title-text\">\n\t                <p>Szeged cuisine is one of the most delicious and diverse corners of Hungarian gastronomy. The city boasts many excellent restaurants and cafes where you can taste traditional Szeged flavors.<\/p>\n<p>The city is one of the most significant fish soup-making centers in the Carpathian Basin, and Szeged paprika is also world-famous. There are numerous excellent fish restaurants in the city. Among the typical dishes are goulash soup, stew, paprikash, stuffed peppers, and l\u00e1ngos.<\/p>\n\t            <\/div>                <div class=\"cs-title-btn\">\n                    <a class=\"button elementor-button-link\" role=\"button\" href=\"https:\/\/etterem.hu\/helyek\/szeged\">\n                        <span class=\"cs-btn-text\">Discover<\/span>                    <\/a>\n                <\/div>\n                    <\/div>\t\t\t\t<\/div>\n\t\t\t\t<\/div>\n\t\t\t\t<\/div>\n\t\t\t\t\t<\/div>\n\t\t\t\t<\/div>\n\t\t\t\t<\/div>\n\t\t","protected":false},"excerpt":{"rendered":"<p>SIGHTS SZEGED, THE CITY OF SUNSHINE Just a few minutes away from the tram stop, the city center can be reached within 5-10 minutes by tram, offering numerous attractions such as the Cathedral Square, the famous musical fountain on Dugonics Square, and one of Hungary&#8217;s Art Nouveau masterpieces, the Re\u00f6k Palace. It&#8217;s a great idea &#8230;<\/p>\n","protected":false},"author":3,"featured_media":0,"parent":0,"menu_order":0,"comment_status":"closed","ping_status":"closed","template":"template-wide-content.php","meta":{"_acf_changed":false,"cozystay_single_page_hide_site_header":"","cozystay_single_page_site_header_source":"","cozystay_single_page_custom_site_header":"0","cozystay_single_page_custom_sticky_site_header":"0","cozystay_single_page_hide_page_title":"","cozystay_single_page_header_section_size":"","cozystay_single_page_header_background_color":"","cozystay_single_page_header_background_position_x":"center","cozystay_single_page_header_background_position_y":"center","cozystay_single_page_header_background_size":"cover","cozystay_single_page_header_background_repeat":"off","cozystay_single_page_header_background_scroll":"on","cozystay_single_page_header_text_color":"","cozystay_single_page_header_show_breadcrumb":"","cozystay_single_page_site_footer_hide_main":"","cozystay_single_custom_site_footer_main_source":"","cozystay_single_custom_site_footer_main":"0","cozystay_single_page_site_footer_hide_above":"","cozystay_single_custom_site_footer_above_source":"","cozystay_single_custom_site_footer_above":"0","cozystay_single_page_site_footer_hide_instagram":"","cozystay_single_page_site_footer_hide_bottom":"","cozystay_single_custom_mobile_menu_source":"","cozystay_single_custom_mobile_menu":"0","cozystay_single_custom_mobile_menu_animation":"","cozystay_single_custom_mobile_menu_width":"","cozystay_single_custom_mobile_menu_custom_width":375,"footnotes":""},"class_list":["post-4027","page","type-page","status-publish","hentry"],"acf":[],"yoast_head":"<!-- This site is optimized with the Yoast SEO Premium plugin v27.3 (Yoast SEO v27.3) - https:\/\/yoast.com\/product\/yoast-seo-premium-wordpress\/ -->\n<title>SIGHTS - Safari hotel<\/title>\n<meta name=\"robots\" content=\"index, follow, max-snippet:-1, max-image-preview:large, max-video-preview:-1\" \/>\n<link rel=\"canonical\" href=\"https:\/\/safarihotel.hu\/en\/sights\/\" \/>\n<meta property=\"og:locale\" content=\"en_US\" \/>\n<meta property=\"og:type\" content=\"article\" \/>\n<meta property=\"og:title\" content=\"SIGHTS\" \/>\n<meta property=\"og:description\" content=\"SIGHTS SZEGED, THE CITY OF SUNSHINE Just a few minutes away from the tram stop, the city center can be reached within 5-10 minutes by tram, offering numerous attractions such as the Cathedral Square, the famous musical fountain on Dugonics Square, and one of Hungary&#8217;s Art Nouveau masterpieces, the Re\u00f6k Palace. It&#8217;s a great idea ...\" \/>\n<meta property=\"og:url\" content=\"https:\/\/safarihotel.hu\/en\/sights\/\" \/>\n<meta property=\"og:site_name\" content=\"Safari hotel\" \/>\n<meta property=\"article:modified_time\" content=\"2024-03-01T17:01:52+00:00\" \/>\n<meta property=\"og:image\" content=\"https:\/\/safarihotel.hu\/wp-content\/uploads\/2023\/12\/Szeged_dom_2021_04.jpg\" \/>\n<meta name=\"twitter:card\" content=\"summary_large_image\" \/>\n<meta name=\"twitter:label1\" content=\"Est. reading time\" \/>\n\t<meta name=\"twitter:data1\" content=\"3 minutes\" \/>\n<script type=\"application\/ld+json\" class=\"yoast-schema-graph\">{\"@context\":\"https:\\\/\\\/schema.org\",\"@graph\":[{\"@type\":\"WebPage\",\"@id\":\"https:\\\/\\\/safarihotel.hu\\\/en\\\/sights\\\/\",\"url\":\"https:\\\/\\\/safarihotel.hu\\\/en\\\/sights\\\/\",\"name\":\"SIGHTS - Safari hotel\",\"isPartOf\":{\"@id\":\"https:\\\/\\\/safarihotel.hu\\\/#website\"},\"primaryImageOfPage\":{\"@id\":\"https:\\\/\\\/safarihotel.hu\\\/en\\\/sights\\\/#primaryimage\"},\"image\":{\"@id\":\"https:\\\/\\\/safarihotel.hu\\\/en\\\/sights\\\/#primaryimage\"},\"thumbnailUrl\":\"https:\\\/\\\/safarihotel.hu\\\/wp-content\\\/uploads\\\/2023\\\/12\\\/Szeged_dom_2021_04.jpg\",\"datePublished\":\"2023-12-10T19:40:27+00:00\",\"dateModified\":\"2024-03-01T17:01:52+00:00\",\"breadcrumb\":{\"@id\":\"https:\\\/\\\/safarihotel.hu\\\/en\\\/sights\\\/#breadcrumb\"},\"inLanguage\":\"en-US\",\"potentialAction\":[{\"@type\":\"ReadAction\",\"target\":[\"https:\\\/\\\/safarihotel.hu\\\/en\\\/sights\\\/\"]}]},{\"@type\":\"ImageObject\",\"inLanguage\":\"en-US\",\"@id\":\"https:\\\/\\\/safarihotel.hu\\\/en\\\/sights\\\/#primaryimage\",\"url\":\"https:\\\/\\\/safarihotel.hu\\\/wp-content\\\/uploads\\\/2023\\\/12\\\/Szeged_dom_2021_04.jpg\",\"contentUrl\":\"https:\\\/\\\/safarihotel.hu\\\/wp-content\\\/uploads\\\/2023\\\/12\\\/Szeged_dom_2021_04.jpg\"},{\"@type\":\"BreadcrumbList\",\"@id\":\"https:\\\/\\\/safarihotel.hu\\\/en\\\/sights\\\/#breadcrumb\",\"itemListElement\":[{\"@type\":\"ListItem\",\"position\":1,\"name\":\"Kezd\u0151lap\",\"item\":\"https:\\\/\\\/safarihotel.hu\\\/en\\\/\"},{\"@type\":\"ListItem\",\"position\":2,\"name\":\"SIGHTS\"}]},{\"@type\":\"WebSite\",\"@id\":\"https:\\\/\\\/safarihotel.hu\\\/#website\",\"url\":\"https:\\\/\\\/safarihotel.hu\\\/\",\"name\":\"Safari hotel\",\"description\":\"A term\u00e9szettel harm\u00f3ni\u00e1ban\",\"publisher\":{\"@id\":\"https:\\\/\\\/safarihotel.hu\\\/#organization\"},\"potentialAction\":[{\"@type\":\"SearchAction\",\"target\":{\"@type\":\"EntryPoint\",\"urlTemplate\":\"https:\\\/\\\/safarihotel.hu\\\/?s={search_term_string}\"},\"query-input\":{\"@type\":\"PropertyValueSpecification\",\"valueRequired\":true,\"valueName\":\"search_term_string\"}}],\"inLanguage\":\"en-US\"},{\"@type\":\"Organization\",\"@id\":\"https:\\\/\\\/safarihotel.hu\\\/#organization\",\"name\":\"Safari hotel\",\"url\":\"https:\\\/\\\/safarihotel.hu\\\/\",\"logo\":{\"@type\":\"ImageObject\",\"inLanguage\":\"en-US\",\"@id\":\"https:\\\/\\\/safarihotel.hu\\\/#\\\/schema\\\/logo\\\/image\\\/\",\"url\":\"https:\\\/\\\/safarihotel.hu\\\/wp-content\\\/uploads\\\/2023\\\/11\\\/logo-safari.png\",\"contentUrl\":\"https:\\\/\\\/safarihotel.hu\\\/wp-content\\\/uploads\\\/2023\\\/11\\\/logo-safari.png\",\"width\":542,\"height\":375,\"caption\":\"Safari hotel\"},\"image\":{\"@id\":\"https:\\\/\\\/safarihotel.hu\\\/#\\\/schema\\\/logo\\\/image\\\/\"}}]}<\/script>\n<!-- \/ Yoast SEO Premium plugin. -->","yoast_head_json":{"title":"SIGHTS - Safari hotel","robots":{"index":"index","follow":"follow","max-snippet":"max-snippet:-1","max-image-preview":"max-image-preview:large","max-video-preview":"max-video-preview:-1"},"canonical":"https:\/\/safarihotel.hu\/en\/sights\/","og_locale":"en_US","og_type":"article","og_title":"SIGHTS","og_description":"SIGHTS SZEGED, THE CITY OF SUNSHINE Just a few minutes away from the tram stop, the city center can be reached within 5-10 minutes by tram, offering numerous attractions such as the Cathedral Square, the famous musical fountain on Dugonics Square, and one of Hungary&#8217;s Art Nouveau masterpieces, the Re\u00f6k Palace. It&#8217;s a great idea ...","og_url":"https:\/\/safarihotel.hu\/en\/sights\/","og_site_name":"Safari hotel","article_modified_time":"2024-03-01T17:01:52+00:00","og_image":[{"url":"https:\/\/safarihotel.hu\/wp-content\/uploads\/2023\/12\/Szeged_dom_2021_04.jpg","type":"","width":"","height":""}],"twitter_card":"summary_large_image","twitter_misc":{"Est. reading time":"3 minutes"},"schema":{"@context":"https:\/\/schema.org","@graph":[{"@type":"WebPage","@id":"https:\/\/safarihotel.hu\/en\/sights\/","url":"https:\/\/safarihotel.hu\/en\/sights\/","name":"SIGHTS - Safari hotel","isPartOf":{"@id":"https:\/\/safarihotel.hu\/#website"},"primaryImageOfPage":{"@id":"https:\/\/safarihotel.hu\/en\/sights\/#primaryimage"},"image":{"@id":"https:\/\/safarihotel.hu\/en\/sights\/#primaryimage"},"thumbnailUrl":"https:\/\/safarihotel.hu\/wp-content\/uploads\/2023\/12\/Szeged_dom_2021_04.jpg","datePublished":"2023-12-10T19:40:27+00:00","dateModified":"2024-03-01T17:01:52+00:00","breadcrumb":{"@id":"https:\/\/safarihotel.hu\/en\/sights\/#breadcrumb"},"inLanguage":"en-US","potentialAction":[{"@type":"ReadAction","target":["https:\/\/safarihotel.hu\/en\/sights\/"]}]},{"@type":"ImageObject","inLanguage":"en-US","@id":"https:\/\/safarihotel.hu\/en\/sights\/#primaryimage","url":"https:\/\/safarihotel.hu\/wp-content\/uploads\/2023\/12\/Szeged_dom_2021_04.jpg","contentUrl":"https:\/\/safarihotel.hu\/wp-content\/uploads\/2023\/12\/Szeged_dom_2021_04.jpg"},{"@type":"BreadcrumbList","@id":"https:\/\/safarihotel.hu\/en\/sights\/#breadcrumb","itemListElement":[{"@type":"ListItem","position":1,"name":"Kezd\u0151lap","item":"https:\/\/safarihotel.hu\/en\/"},{"@type":"ListItem","position":2,"name":"SIGHTS"}]},{"@type":"WebSite","@id":"https:\/\/safarihotel.hu\/#website","url":"https:\/\/safarihotel.hu\/","name":"Safari hotel","description":"A term\u00e9szettel harm\u00f3ni\u00e1ban","publisher":{"@id":"https:\/\/safarihotel.hu\/#organization"},"potentialAction":[{"@type":"SearchAction","target":{"@type":"EntryPoint","urlTemplate":"https:\/\/safarihotel.hu\/?s={search_term_string}"},"query-input":{"@type":"PropertyValueSpecification","valueRequired":true,"valueName":"search_term_string"}}],"inLanguage":"en-US"},{"@type":"Organization","@id":"https:\/\/safarihotel.hu\/#organization","name":"Safari hotel","url":"https:\/\/safarihotel.hu\/","logo":{"@type":"ImageObject","inLanguage":"en-US","@id":"https:\/\/safarihotel.hu\/#\/schema\/logo\/image\/","url":"https:\/\/safarihotel.hu\/wp-content\/uploads\/2023\/11\/logo-safari.png","contentUrl":"https:\/\/safarihotel.hu\/wp-content\/uploads\/2023\/11\/logo-safari.png","width":542,"height":375,"caption":"Safari hotel"},"image":{"@id":"https:\/\/safarihotel.hu\/#\/schema\/logo\/image\/"}}]}},"_links":{"self":[{"href":"https:\/\/safarihotel.hu\/en\/wp-json\/wp\/v2\/pages\/4027","targetHints":{"allow":["GET"]}}],"collection":[{"href":"https:\/\/safarihotel.hu\/en\/wp-json\/wp\/v2\/pages"}],"about":[{"href":"https:\/\/safarihotel.hu\/en\/wp-json\/wp\/v2\/types\/page"}],"author":[{"embeddable":true,"href":"https:\/\/safarihotel.hu\/en\/wp-json\/wp\/v2\/users\/3"}],"replies":[{"embeddable":true,"href":"https:\/\/safarihotel.hu\/en\/wp-json\/wp\/v2\/comments?post=4027"}],"version-history":[{"count":3,"href":"https:\/\/safarihotel.hu\/en\/wp-json\/wp\/v2\/pages\/4027\/revisions"}],"predecessor-version":[{"id":4405,"href":"https:\/\/safarihotel.hu\/en\/wp-json\/wp\/v2\/pages\/4027\/revisions\/4405"}],"wp:attachment":[{"href":"https:\/\/safarihotel.hu\/en\/wp-json\/wp\/v2\/media?parent=4027"}],"curies":[{"name":"wp","href":"https:\/\/api.w.org\/{rel}","templated":true}]}}