{"id":4036,"date":"2024-02-13T10:29:37","date_gmt":"2024-02-13T10:29:37","guid":{"rendered":"https:\/\/safarihotel.hu\/imprint\/"},"modified":"2024-02-14T14:27:36","modified_gmt":"2024-02-14T14:27:36","slug":"imprint","status":"publish","type":"page","link":"https:\/\/safarihotel.hu\/en\/imprint\/","title":{"rendered":"Imprint"},"content":{"rendered":"\t\t<div data-elementor-type=\"wp-page\" data-elementor-id=\"4036\" class=\"elementor elementor-4036\" data-elementor-post-type=\"page\">\n\t\t\t\t\t\t<section class=\"elementor-section elementor-top-section elementor-element elementor-element-223ffc92 elementor-section-height-min-height cs-section-content-fullwidth cs_scroll_y_100 cs-parallax-on-scroll elementor-section-boxed elementor-section-height-default elementor-section-items-middle\" data-id=\"223ffc92\" data-element_type=\"section\" data-e-type=\"section\" data-settings=\"{&quot;background_background&quot;:&quot;classic&quot;}\" data-cs-parallax-y=\"100\" style=\"background-image: none;\" data-cs-background-image=\"https:\/\/safarihotel.hu\/wp-content\/uploads\/2024\/01\/safarilegi1.jpg\">\n\t\t\t\t\t\t\t<div class=\"elementor-background-overlay\"><\/div>\n\t\t\t\t\t\t\t<div class=\"elementor-container elementor-column-gap-no\">\n\t\t\t\t\t<div class=\"elementor-column elementor-col-100 elementor-top-column elementor-element elementor-element-6755f0d2 dark-color\" data-id=\"6755f0d2\" data-element_type=\"column\" data-e-type=\"column\">\n\t\t\t<div class=\"elementor-widget-wrap elementor-element-populated\">\n\t\t\t\t\t\t<div class=\"elementor-element elementor-element-1efed886 elementor-widget elementor-widget-cs_title\" data-id=\"1efed886\" data-element_type=\"widget\" data-e-type=\"widget\" data-widget_type=\"cs_title.default\">\n\t\t\t\t<div class=\"elementor-widget-container\">\n\t\t\t\t\t\n        <div class=\"cs-title-wrap text-center\">\t            <h1 class=\"cs-title\">\n\t                Impresszum\t            <\/h1>        <\/div>\t\t\t\t<\/div>\n\t\t\t\t<\/div>\n\t\t\t\t\t<\/div>\n\t\t<\/div>\n\t\t\t\t\t<\/div>\n\t\t<\/section>\n\t\t\t\t<section class=\"elementor-section elementor-top-section elementor-element elementor-element-c8d481b cs-section-content-fullwidth elementor-section-boxed elementor-section-height-default elementor-section-height-default\" data-id=\"c8d481b\" data-element_type=\"section\" data-e-type=\"section\" data-settings=\"{&quot;background_background&quot;:&quot;classic&quot;}\">\n\t\t\t\t\t\t<div class=\"elementor-container elementor-column-gap-no\">\n\t\t\t\t\t<div class=\"elementor-column elementor-col-100 elementor-top-column elementor-element elementor-element-d82de7b\" data-id=\"d82de7b\" data-element_type=\"column\" data-e-type=\"column\">\n\t\t\t<div class=\"elementor-widget-wrap elementor-element-populated\">\n\t\t\t\t\t\t<div class=\"elementor-element elementor-element-23f7dd0 elementor-widget elementor-widget-text-editor\" data-id=\"23f7dd0\" data-element_type=\"widget\" data-e-type=\"widget\" data-widget_type=\"text-editor.default\">\n\t\t\t\t<div class=\"elementor-widget-container\">\n\t\t\t\t\t\t\t\t\t<p><strong>C\u00e9gn\u00e9v:<\/strong> Szik-H\u00e1z Kft.<\/p><p><strong>Sz\u00e1lloda neve:<\/strong> Safari Hotel<\/p><p><strong>NTAK regisztr\u00e1ci\u00f3s sz\u00e1m:<\/strong> SZ23082660<\/p><p><strong>Sz\u00e9khely: <\/strong>6725 Szeged, K\u00e1lv\u00e1ria sug\u00e1r\u00fat 96\/G., Magyarorsz\u00e1g<\/p><p><strong>Telephely:<\/strong> 6725 Szeged, Sz\u00e9l utca 79., Magyarorsz\u00e1g<\/p><p><strong>Ad\u00f3sz\u00e1m:<\/strong> 32428601-2-06<\/p><p><strong>C\u00e9gjegyz\u00e9ksz\u00e1m:<\/strong> 06-09-029265<\/p><p><strong>Banksz\u00e1mlasz\u00e1m:<\/strong><\/p><p>HUF: HU23117350122144767300000000\u00a0 \u00a0 \u00a0 \u00a0 \u00a0 \u00a0 \u00a0 \u00a0 \u00a0 \u00a0 \u00a0 \u00a0 \u00a0 \u00a0 \u00a0 \u00a0 \u00a0 \u00a0 \u00a0 \u00a0 \u00a0 \u00a0 \u00a0 \u00a0 \u00a0<\/p><p><strong>Telefonos el\u00e9rhet\u0151s\u00e9gek:<\/strong><\/p><p>Tel: + 36 30 655 9090<\/p><p><strong>Internetes el\u00e9rhet\u0151s\u00e9gek:<\/strong><\/p><p>Inform\u00e1ci\u00f3 \u00e9s szobafoglal\u00e1s: info@safarihotel.hu<\/p><p>Weboldal: www.safarihotel.hu<\/p><p>Facebook: https:\/\/www.facebook.com\/safarihotel<\/p><p>\u00a0<\/p><p><strong>T\u00e1rhelyszolg\u00e1ltat\u00f3:<\/strong><\/p><p>C\u00e9gn\u00e9v: DotRoll Kft.<\/p><p>Postai c\u00edm: 1148 Budapest, Fogarasi \u00fat 3-5.<\/p><p>Sz\u00e9khely c\u00edm: 1148 Budapest, Fogarasi \u00fat 3-5.<\/p><p>Telefon:\u00a0 +36 (1) 432-3232<\/p><p>Ad\u00f3sz\u00e1m:\u00a0 13962982-2-42<\/p>\t\t\t\t\t\t\t\t<\/div>\n\t\t\t\t<\/div>\n\t\t\t\t\t<\/div>\n\t\t<\/div>\n\t\t\t\t\t<\/div>\n\t\t<\/section>\n\t\t\t\t<\/div>\n\t\t","protected":false},"excerpt":{"rendered":"<p>Imprint Company name: Szik-H\u00e1z Kft. Hotel name: Safari Hotel NTAK registration number: SZ23082660 Headquarters: 6725 Szeged, K\u00e1lv\u00e1ria avenue 96\/G., Hungary Location: 6725 Szeged, Sz\u00e9l utca 79, Hungary Tax number: 32428601-2-06 Company registration number: 06-09-029265 Bank account number: HUF: HU23117350122144767300000000 Telephone contact details: Phone: + 36 30 655 9090 Internet contacts: Information and room reservation: info@safarihotel.hu &#8230;<\/p>\n","protected":false},"author":3,"featured_media":0,"parent":0,"menu_order":0,"comment_status":"closed","ping_status":"closed","template":"template-wide-content.php","meta":{"_acf_changed":false,"cozystay_single_page_hide_site_header":"","cozystay_single_page_site_header_source":"","cozystay_single_page_custom_site_header":"0","cozystay_single_page_custom_sticky_site_header":"0","cozystay_single_page_hide_page_title":"","cozystay_single_page_header_section_size":"","cozystay_single_page_header_background_color":"","cozystay_single_page_header_background_position_x":"center","cozystay_single_page_header_background_position_y":"center","cozystay_single_page_header_background_size":"cover","cozystay_single_page_header_background_repeat":"off","cozystay_single_page_header_background_scroll":"on","cozystay_single_page_header_text_color":"","cozystay_single_page_header_show_breadcrumb":"","cozystay_single_page_site_footer_hide_main":"","cozystay_single_custom_site_footer_main_source":"","cozystay_single_custom_site_footer_main":"0","cozystay_single_page_site_footer_hide_above":"","cozystay_single_custom_site_footer_above_source":"","cozystay_single_custom_site_footer_above":"0","cozystay_single_page_site_footer_hide_instagram":"","cozystay_single_page_site_footer_hide_bottom":"","cozystay_single_custom_mobile_menu_source":"","cozystay_single_custom_mobile_menu":"0","cozystay_single_custom_mobile_menu_animation":"","cozystay_single_custom_mobile_menu_width":"","cozystay_single_custom_mobile_menu_custom_width":375,"footnotes":""},"class_list":["post-4036","page","type-page","status-publish","hentry"],"acf":[],"yoast_head":"<!-- This site is optimized with the Yoast SEO Premium plugin v27.3 (Yoast SEO v27.3) - https:\/\/yoast.com\/product\/yoast-seo-premium-wordpress\/ -->\n<title>Imprint - Safari hotel<\/title>\n<meta name=\"robots\" content=\"index, follow, max-snippet:-1, max-image-preview:large, max-video-preview:-1\" \/>\n<link rel=\"canonical\" href=\"https:\/\/safarihotel.hu\/en\/imprint\/\" \/>\n<meta property=\"og:locale\" content=\"en_US\" \/>\n<meta property=\"og:type\" content=\"article\" \/>\n<meta property=\"og:title\" content=\"Imprint\" \/>\n<meta property=\"og:description\" content=\"Imprint Company name: Szik-H\u00e1z Kft. Hotel name: Safari Hotel NTAK registration number: SZ23082660 Headquarters: 6725 Szeged, K\u00e1lv\u00e1ria avenue 96\/G., Hungary Location: 6725 Szeged, Sz\u00e9l utca 79, Hungary Tax number: 32428601-2-06 Company registration number: 06-09-029265 Bank account number: HUF: HU23117350122144767300000000 Telephone contact details: Phone: + 36 30 655 9090 Internet contacts: Information and room reservation: info@safarihotel.hu ...\" \/>\n<meta property=\"og:url\" content=\"https:\/\/safarihotel.hu\/en\/imprint\/\" \/>\n<meta property=\"og:site_name\" content=\"Safari hotel\" \/>\n<meta property=\"article:modified_time\" content=\"2024-02-14T14:27:36+00:00\" \/>\n<meta name=\"twitter:card\" content=\"summary_large_image\" \/>\n<script type=\"application\/ld+json\" class=\"yoast-schema-graph\">{\"@context\":\"https:\\\/\\\/schema.org\",\"@graph\":[{\"@type\":\"WebPage\",\"@id\":\"https:\\\/\\\/safarihotel.hu\\\/en\\\/imprint\\\/\",\"url\":\"https:\\\/\\\/safarihotel.hu\\\/en\\\/imprint\\\/\",\"name\":\"Imprint - Safari hotel\",\"isPartOf\":{\"@id\":\"https:\\\/\\\/safarihotel.hu\\\/#website\"},\"datePublished\":\"2024-02-13T10:29:37+00:00\",\"dateModified\":\"2024-02-14T14:27:36+00:00\",\"breadcrumb\":{\"@id\":\"https:\\\/\\\/safarihotel.hu\\\/en\\\/imprint\\\/#breadcrumb\"},\"inLanguage\":\"en-US\",\"potentialAction\":[{\"@type\":\"ReadAction\",\"target\":[\"https:\\\/\\\/safarihotel.hu\\\/en\\\/imprint\\\/\"]}]},{\"@type\":\"BreadcrumbList\",\"@id\":\"https:\\\/\\\/safarihotel.hu\\\/en\\\/imprint\\\/#breadcrumb\",\"itemListElement\":[{\"@type\":\"ListItem\",\"position\":1,\"name\":\"Kezd\u0151lap\",\"item\":\"https:\\\/\\\/safarihotel.hu\\\/en\\\/\"},{\"@type\":\"ListItem\",\"position\":2,\"name\":\"Imprint\"}]},{\"@type\":\"WebSite\",\"@id\":\"https:\\\/\\\/safarihotel.hu\\\/#website\",\"url\":\"https:\\\/\\\/safarihotel.hu\\\/\",\"name\":\"Safari hotel\",\"description\":\"A term\u00e9szettel harm\u00f3ni\u00e1ban\",\"publisher\":{\"@id\":\"https:\\\/\\\/safarihotel.hu\\\/#organization\"},\"potentialAction\":[{\"@type\":\"SearchAction\",\"target\":{\"@type\":\"EntryPoint\",\"urlTemplate\":\"https:\\\/\\\/safarihotel.hu\\\/?s={search_term_string}\"},\"query-input\":{\"@type\":\"PropertyValueSpecification\",\"valueRequired\":true,\"valueName\":\"search_term_string\"}}],\"inLanguage\":\"en-US\"},{\"@type\":\"Organization\",\"@id\":\"https:\\\/\\\/safarihotel.hu\\\/#organization\",\"name\":\"Safari hotel\",\"url\":\"https:\\\/\\\/safarihotel.hu\\\/\",\"logo\":{\"@type\":\"ImageObject\",\"inLanguage\":\"en-US\",\"@id\":\"https:\\\/\\\/safarihotel.hu\\\/#\\\/schema\\\/logo\\\/image\\\/\",\"url\":\"https:\\\/\\\/safarihotel.hu\\\/wp-content\\\/uploads\\\/2023\\\/11\\\/logo-safari.png\",\"contentUrl\":\"https:\\\/\\\/safarihotel.hu\\\/wp-content\\\/uploads\\\/2023\\\/11\\\/logo-safari.png\",\"width\":542,\"height\":375,\"caption\":\"Safari hotel\"},\"image\":{\"@id\":\"https:\\\/\\\/safarihotel.hu\\\/#\\\/schema\\\/logo\\\/image\\\/\"}}]}<\/script>\n<!-- \/ Yoast SEO Premium plugin. -->","yoast_head_json":{"title":"Imprint - Safari hotel","robots":{"index":"index","follow":"follow","max-snippet":"max-snippet:-1","max-image-preview":"max-image-preview:large","max-video-preview":"max-video-preview:-1"},"canonical":"https:\/\/safarihotel.hu\/en\/imprint\/","og_locale":"en_US","og_type":"article","og_title":"Imprint","og_description":"Imprint Company name: Szik-H\u00e1z Kft. Hotel name: Safari Hotel NTAK registration number: SZ23082660 Headquarters: 6725 Szeged, K\u00e1lv\u00e1ria avenue 96\/G., Hungary Location: 6725 Szeged, Sz\u00e9l utca 79, Hungary Tax number: 32428601-2-06 Company registration number: 06-09-029265 Bank account number: HUF: HU23117350122144767300000000 Telephone contact details: Phone: + 36 30 655 9090 Internet contacts: Information and room reservation: info@safarihotel.hu ...","og_url":"https:\/\/safarihotel.hu\/en\/imprint\/","og_site_name":"Safari hotel","article_modified_time":"2024-02-14T14:27:36+00:00","twitter_card":"summary_large_image","schema":{"@context":"https:\/\/schema.org","@graph":[{"@type":"WebPage","@id":"https:\/\/safarihotel.hu\/en\/imprint\/","url":"https:\/\/safarihotel.hu\/en\/imprint\/","name":"Imprint - Safari hotel","isPartOf":{"@id":"https:\/\/safarihotel.hu\/#website"},"datePublished":"2024-02-13T10:29:37+00:00","dateModified":"2024-02-14T14:27:36+00:00","breadcrumb":{"@id":"https:\/\/safarihotel.hu\/en\/imprint\/#breadcrumb"},"inLanguage":"en-US","potentialAction":[{"@type":"ReadAction","target":["https:\/\/safarihotel.hu\/en\/imprint\/"]}]},{"@type":"BreadcrumbList","@id":"https:\/\/safarihotel.hu\/en\/imprint\/#breadcrumb","itemListElement":[{"@type":"ListItem","position":1,"name":"Kezd\u0151lap","item":"https:\/\/safarihotel.hu\/en\/"},{"@type":"ListItem","position":2,"name":"Imprint"}]},{"@type":"WebSite","@id":"https:\/\/safarihotel.hu\/#website","url":"https:\/\/safarihotel.hu\/","name":"Safari hotel","description":"A term\u00e9szettel harm\u00f3ni\u00e1ban","publisher":{"@id":"https:\/\/safarihotel.hu\/#organization"},"potentialAction":[{"@type":"SearchAction","target":{"@type":"EntryPoint","urlTemplate":"https:\/\/safarihotel.hu\/?s={search_term_string}"},"query-input":{"@type":"PropertyValueSpecification","valueRequired":true,"valueName":"search_term_string"}}],"inLanguage":"en-US"},{"@type":"Organization","@id":"https:\/\/safarihotel.hu\/#organization","name":"Safari hotel","url":"https:\/\/safarihotel.hu\/","logo":{"@type":"ImageObject","inLanguage":"en-US","@id":"https:\/\/safarihotel.hu\/#\/schema\/logo\/image\/","url":"https:\/\/safarihotel.hu\/wp-content\/uploads\/2023\/11\/logo-safari.png","contentUrl":"https:\/\/safarihotel.hu\/wp-content\/uploads\/2023\/11\/logo-safari.png","width":542,"height":375,"caption":"Safari hotel"},"image":{"@id":"https:\/\/safarihotel.hu\/#\/schema\/logo\/image\/"}}]}},"_links":{"self":[{"href":"https:\/\/safarihotel.hu\/en\/wp-json\/wp\/v2\/pages\/4036","targetHints":{"allow":["GET"]}}],"collection":[{"href":"https:\/\/safarihotel.hu\/en\/wp-json\/wp\/v2\/pages"}],"about":[{"href":"https:\/\/safarihotel.hu\/en\/wp-json\/wp\/v2\/types\/page"}],"author":[{"embeddable":true,"href":"https:\/\/safarihotel.hu\/en\/wp-json\/wp\/v2\/users\/3"}],"replies":[{"embeddable":true,"href":"https:\/\/safarihotel.hu\/en\/wp-json\/wp\/v2\/comments?post=4036"}],"version-history":[{"count":1,"href":"https:\/\/safarihotel.hu\/en\/wp-json\/wp\/v2\/pages\/4036\/revisions"}],"predecessor-version":[{"id":4267,"href":"https:\/\/safarihotel.hu\/en\/wp-json\/wp\/v2\/pages\/4036\/revisions\/4267"}],"wp:attachment":[{"href":"https:\/\/safarihotel.hu\/en\/wp-json\/wp\/v2\/media?parent=4036"}],"curies":[{"name":"wp","href":"https:\/\/api.w.org\/{rel}","templated":true}]}}