{"id":5500,"date":"2025-01-30T14:47:38","date_gmt":"2025-01-30T14:47:38","guid":{"rendered":"https:\/\/safarihotel.hu\/?page_id=5500"},"modified":"2025-09-30T12:58:22","modified_gmt":"2025-09-30T12:58:22","slug":"booking","status":"publish","type":"page","link":"https:\/\/safarihotel.hu\/en\/booking\/","title":{"rendered":"Booking"},"content":{"rendered":"\t\t<div data-elementor-type=\"wp-page\" data-elementor-id=\"5500\" class=\"elementor elementor-5500\" data-elementor-post-type=\"page\">\n\t\t\t\t\t\t<section class=\"elementor-section elementor-top-section elementor-element elementor-element-30692d2 elementor-section-height-min-height cs-section-content-fullwidth cs-parallax-on-scroll cs_scroll_y_100 elementor-section-full_width elementor-section-height-default elementor-section-items-middle\" data-id=\"30692d2\" data-element_type=\"section\" data-e-type=\"section\" data-settings=\"{&quot;background_background&quot;:&quot;classic&quot;}\" data-cs-parallax-y=\"100\" style=\"background-image: none;\" data-cs-background-image=\"https:\/\/safarihotel.hu\/wp-content\/uploads\/2024\/03\/safarilead1.jpg\">\n\t\t\t\t\t\t\t<div class=\"elementor-background-overlay\"><\/div>\n\t\t\t\t\t\t\t<div class=\"elementor-container elementor-column-gap-no\">\n\t\t\t\t\t<div class=\"elementor-column elementor-col-100 elementor-top-column elementor-element elementor-element-879f065 dark-color\" data-id=\"879f065\" data-element_type=\"column\" data-e-type=\"column\">\n\t\t\t<div class=\"elementor-widget-wrap elementor-element-populated\">\n\t\t\t\t\t\t<div class=\"elementor-element elementor-element-99e3f45 elementor-widget elementor-widget-cs_title\" data-id=\"99e3f45\" data-element_type=\"widget\" data-e-type=\"widget\" data-widget_type=\"cs_title.default\">\n\t\t\t\t<div class=\"elementor-widget-container\">\n\t\t\t\t\t\n        <div class=\"cs-title-wrap text-center\">\t            <h1 class=\"cs-title\">\n\t                Booking\t            <\/h1>        <\/div>\t\t\t\t<\/div>\n\t\t\t\t<\/div>\n\t\t\t\t\t<\/div>\n\t\t<\/div>\n\t\t\t\t\t<\/div>\n\t\t<\/section>\n\t\t<div class=\"elementor-element elementor-element-2a3ad00 e-con-full e-flex e-con e-parent\" data-id=\"2a3ad00\" data-element_type=\"container\" data-e-type=\"container\">\n\t\t\t\t<div class=\"elementor-element elementor-element-ea04d9e elementor-widget elementor-widget-html\" data-id=\"ea04d9e\" data-element_type=\"widget\" data-e-type=\"widget\" data-widget_type=\"html.default\">\n\t\t\t\t<div class=\"elementor-widget-container\">\n\t\t\t\t\t<script src=\"https:\/\/nethotelbooking.net\/embed.RESnWEB.js?id=Q1E7M\"><\/script>\n\t\t\t\t<\/div>\n\t\t\t\t<\/div>\n\t\t\t\t<\/div>\n\t\t\t\t<\/div>\n\t\t","protected":false},"excerpt":{"rendered":"<p>Booking<\/p>\n","protected":false},"author":4,"featured_media":0,"parent":0,"menu_order":0,"comment_status":"closed","ping_status":"closed","template":"template-fullwidth.php","meta":{"_acf_changed":false,"cozystay_single_page_hide_site_header":"","cozystay_single_page_site_header_source":"","cozystay_single_page_custom_site_header":"0","cozystay_single_page_custom_sticky_site_header":"0","cozystay_single_page_hide_page_title":"","cozystay_single_page_header_section_size":"","cozystay_single_page_header_background_color":"","cozystay_single_page_header_background_position_x":"center","cozystay_single_page_header_background_position_y":"center","cozystay_single_page_header_background_size":"cover","cozystay_single_page_header_background_repeat":"off","cozystay_single_page_header_background_scroll":"on","cozystay_single_page_header_text_color":"","cozystay_single_page_header_show_breadcrumb":"","cozystay_single_page_site_footer_hide_main":"","cozystay_single_custom_site_footer_main_source":"","cozystay_single_custom_site_footer_main":"0","cozystay_single_page_site_footer_hide_above":"","cozystay_single_custom_site_footer_above_source":"","cozystay_single_custom_site_footer_above":"0","cozystay_single_page_site_footer_hide_instagram":"","cozystay_single_page_site_footer_hide_bottom":"","cozystay_single_custom_mobile_menu_source":"","cozystay_single_custom_mobile_menu":"0","cozystay_single_custom_mobile_menu_animation":"","cozystay_single_custom_mobile_menu_width":"","cozystay_single_custom_mobile_menu_custom_width":375,"footnotes":""},"class_list":["post-5500","page","type-page","status-publish","hentry"],"acf":[],"yoast_head":"<!-- This site is optimized with the Yoast SEO Premium plugin v27.3 (Yoast SEO v27.3) - https:\/\/yoast.com\/product\/yoast-seo-premium-wordpress\/ -->\n<title>Booking - Safari hotel<\/title>\n<meta name=\"robots\" content=\"index, follow, max-snippet:-1, max-image-preview:large, max-video-preview:-1\" \/>\n<link rel=\"canonical\" href=\"https:\/\/safarihotel.hu\/en\/booking\/\" \/>\n<meta property=\"og:locale\" content=\"en_US\" \/>\n<meta property=\"og:type\" content=\"article\" \/>\n<meta property=\"og:title\" content=\"Booking\" \/>\n<meta property=\"og:description\" content=\"Booking\" \/>\n<meta property=\"og:url\" content=\"https:\/\/safarihotel.hu\/en\/booking\/\" \/>\n<meta property=\"og:site_name\" content=\"Safari hotel\" \/>\n<meta property=\"article:modified_time\" content=\"2025-09-30T12:58:22+00:00\" \/>\n<meta name=\"twitter:card\" content=\"summary_large_image\" \/>\n<meta name=\"twitter:label1\" content=\"Est. reading time\" \/>\n\t<meta name=\"twitter:data1\" content=\"1 minute\" \/>\n<script type=\"application\/ld+json\" class=\"yoast-schema-graph\">{\"@context\":\"https:\\\/\\\/schema.org\",\"@graph\":[{\"@type\":\"WebPage\",\"@id\":\"https:\\\/\\\/safarihotel.hu\\\/en\\\/booking\\\/\",\"url\":\"https:\\\/\\\/safarihotel.hu\\\/en\\\/booking\\\/\",\"name\":\"Booking - Safari hotel\",\"isPartOf\":{\"@id\":\"https:\\\/\\\/safarihotel.hu\\\/#website\"},\"datePublished\":\"2025-01-30T14:47:38+00:00\",\"dateModified\":\"2025-09-30T12:58:22+00:00\",\"breadcrumb\":{\"@id\":\"https:\\\/\\\/safarihotel.hu\\\/en\\\/booking\\\/#breadcrumb\"},\"inLanguage\":\"en-US\",\"potentialAction\":[{\"@type\":\"ReadAction\",\"target\":[\"https:\\\/\\\/safarihotel.hu\\\/en\\\/booking\\\/\"]}]},{\"@type\":\"BreadcrumbList\",\"@id\":\"https:\\\/\\\/safarihotel.hu\\\/en\\\/booking\\\/#breadcrumb\",\"itemListElement\":[{\"@type\":\"ListItem\",\"position\":1,\"name\":\"Kezd\u0151lap\",\"item\":\"https:\\\/\\\/safarihotel.hu\\\/en\\\/\"},{\"@type\":\"ListItem\",\"position\":2,\"name\":\"Booking\"}]},{\"@type\":\"WebSite\",\"@id\":\"https:\\\/\\\/safarihotel.hu\\\/#website\",\"url\":\"https:\\\/\\\/safarihotel.hu\\\/\",\"name\":\"Safari hotel\",\"description\":\"A term\u00e9szettel harm\u00f3ni\u00e1ban\",\"publisher\":{\"@id\":\"https:\\\/\\\/safarihotel.hu\\\/#organization\"},\"potentialAction\":[{\"@type\":\"SearchAction\",\"target\":{\"@type\":\"EntryPoint\",\"urlTemplate\":\"https:\\\/\\\/safarihotel.hu\\\/?s={search_term_string}\"},\"query-input\":{\"@type\":\"PropertyValueSpecification\",\"valueRequired\":true,\"valueName\":\"search_term_string\"}}],\"inLanguage\":\"en-US\"},{\"@type\":\"Organization\",\"@id\":\"https:\\\/\\\/safarihotel.hu\\\/#organization\",\"name\":\"Safari hotel\",\"url\":\"https:\\\/\\\/safarihotel.hu\\\/\",\"logo\":{\"@type\":\"ImageObject\",\"inLanguage\":\"en-US\",\"@id\":\"https:\\\/\\\/safarihotel.hu\\\/#\\\/schema\\\/logo\\\/image\\\/\",\"url\":\"https:\\\/\\\/safarihotel.hu\\\/wp-content\\\/uploads\\\/2023\\\/11\\\/logo-safari.png\",\"contentUrl\":\"https:\\\/\\\/safarihotel.hu\\\/wp-content\\\/uploads\\\/2023\\\/11\\\/logo-safari.png\",\"width\":542,\"height\":375,\"caption\":\"Safari hotel\"},\"image\":{\"@id\":\"https:\\\/\\\/safarihotel.hu\\\/#\\\/schema\\\/logo\\\/image\\\/\"}}]}<\/script>\n<!-- \/ Yoast SEO Premium plugin. -->","yoast_head_json":{"title":"Booking - Safari hotel","robots":{"index":"index","follow":"follow","max-snippet":"max-snippet:-1","max-image-preview":"max-image-preview:large","max-video-preview":"max-video-preview:-1"},"canonical":"https:\/\/safarihotel.hu\/en\/booking\/","og_locale":"en_US","og_type":"article","og_title":"Booking","og_description":"Booking","og_url":"https:\/\/safarihotel.hu\/en\/booking\/","og_site_name":"Safari hotel","article_modified_time":"2025-09-30T12:58:22+00:00","twitter_card":"summary_large_image","twitter_misc":{"Est. reading time":"1 minute"},"schema":{"@context":"https:\/\/schema.org","@graph":[{"@type":"WebPage","@id":"https:\/\/safarihotel.hu\/en\/booking\/","url":"https:\/\/safarihotel.hu\/en\/booking\/","name":"Booking - Safari hotel","isPartOf":{"@id":"https:\/\/safarihotel.hu\/#website"},"datePublished":"2025-01-30T14:47:38+00:00","dateModified":"2025-09-30T12:58:22+00:00","breadcrumb":{"@id":"https:\/\/safarihotel.hu\/en\/booking\/#breadcrumb"},"inLanguage":"en-US","potentialAction":[{"@type":"ReadAction","target":["https:\/\/safarihotel.hu\/en\/booking\/"]}]},{"@type":"BreadcrumbList","@id":"https:\/\/safarihotel.hu\/en\/booking\/#breadcrumb","itemListElement":[{"@type":"ListItem","position":1,"name":"Kezd\u0151lap","item":"https:\/\/safarihotel.hu\/en\/"},{"@type":"ListItem","position":2,"name":"Booking"}]},{"@type":"WebSite","@id":"https:\/\/safarihotel.hu\/#website","url":"https:\/\/safarihotel.hu\/","name":"Safari hotel","description":"A term\u00e9szettel harm\u00f3ni\u00e1ban","publisher":{"@id":"https:\/\/safarihotel.hu\/#organization"},"potentialAction":[{"@type":"SearchAction","target":{"@type":"EntryPoint","urlTemplate":"https:\/\/safarihotel.hu\/?s={search_term_string}"},"query-input":{"@type":"PropertyValueSpecification","valueRequired":true,"valueName":"search_term_string"}}],"inLanguage":"en-US"},{"@type":"Organization","@id":"https:\/\/safarihotel.hu\/#organization","name":"Safari hotel","url":"https:\/\/safarihotel.hu\/","logo":{"@type":"ImageObject","inLanguage":"en-US","@id":"https:\/\/safarihotel.hu\/#\/schema\/logo\/image\/","url":"https:\/\/safarihotel.hu\/wp-content\/uploads\/2023\/11\/logo-safari.png","contentUrl":"https:\/\/safarihotel.hu\/wp-content\/uploads\/2023\/11\/logo-safari.png","width":542,"height":375,"caption":"Safari hotel"},"image":{"@id":"https:\/\/safarihotel.hu\/#\/schema\/logo\/image\/"}}]}},"_links":{"self":[{"href":"https:\/\/safarihotel.hu\/en\/wp-json\/wp\/v2\/pages\/5500","targetHints":{"allow":["GET"]}}],"collection":[{"href":"https:\/\/safarihotel.hu\/en\/wp-json\/wp\/v2\/pages"}],"about":[{"href":"https:\/\/safarihotel.hu\/en\/wp-json\/wp\/v2\/types\/page"}],"author":[{"embeddable":true,"href":"https:\/\/safarihotel.hu\/en\/wp-json\/wp\/v2\/users\/4"}],"replies":[{"embeddable":true,"href":"https:\/\/safarihotel.hu\/en\/wp-json\/wp\/v2\/comments?post=5500"}],"version-history":[{"count":3,"href":"https:\/\/safarihotel.hu\/en\/wp-json\/wp\/v2\/pages\/5500\/revisions"}],"predecessor-version":[{"id":5554,"href":"https:\/\/safarihotel.hu\/en\/wp-json\/wp\/v2\/pages\/5500\/revisions\/5554"}],"wp:attachment":[{"href":"https:\/\/safarihotel.hu\/en\/wp-json\/wp\/v2\/media?parent=5500"}],"curies":[{"name":"wp","href":"https:\/\/api.w.org\/{rel}","templated":true}]}}