{"id":5770,"date":"2026-01-16T14:49:53","date_gmt":"2026-01-16T14:49:53","guid":{"rendered":"https:\/\/safarihotel.hu\/?page_id=5770"},"modified":"2026-02-05T13:28:51","modified_gmt":"2026-02-05T13:28:51","slug":"special-group-offer","status":"publish","type":"page","link":"https:\/\/safarihotel.hu\/en\/our-offers\/special-group-offer\/","title":{"rendered":"Special group offer"},"content":{"rendered":"\t\t<div data-elementor-type=\"wp-page\" data-elementor-id=\"5770\" class=\"elementor elementor-5770\" data-elementor-post-type=\"page\">\n\t\t\t\t\t\t<section class=\"elementor-section elementor-top-section elementor-element elementor-element-952f814 elementor-section-height-min-height cs-section-content-fullwidth cs-parallax-on-scroll cs_scroll_y_100 elementor-section-full_width elementor-section-height-default elementor-section-items-middle\" data-id=\"952f814\" data-element_type=\"section\" data-e-type=\"section\" data-settings=\"{&quot;background_background&quot;:&quot;classic&quot;}\" data-cs-parallax-y=\"100\" style=\"background-image: none;\" data-cs-background-image=\"https:\/\/safarihotel.hu\/wp-content\/uploads\/2025\/02\/safarilead1.jpg\">\n\t\t\t\t\t\t\t<div class=\"elementor-background-overlay\"><\/div>\n\t\t\t\t\t\t\t<div class=\"elementor-container elementor-column-gap-no\">\n\t\t\t\t\t<div class=\"elementor-column elementor-col-100 elementor-top-column elementor-element elementor-element-dcdae1d dark-color\" data-id=\"dcdae1d\" data-element_type=\"column\" data-e-type=\"column\">\n\t\t\t<div class=\"elementor-widget-wrap elementor-element-populated\">\n\t\t\t\t\t\t<div class=\"elementor-element elementor-element-b7b03bf elementor-widget elementor-widget-cs_title\" data-id=\"b7b03bf\" data-element_type=\"widget\" data-e-type=\"widget\" data-widget_type=\"cs_title.default\">\n\t\t\t\t<div class=\"elementor-widget-container\">\n\t\t\t\t\t\n        <div class=\"cs-title-wrap text-center\">\t            <div class=\"cs-subtitle-wrap\"><span class=\"cs-subtitle color-primary\">Our Offers<\/span><\/div>\t            <h1 class=\"cs-title\">\n\t                Special group offer\t            <\/h1>        <\/div>\t\t\t\t<\/div>\n\t\t\t\t<\/div>\n\t\t\t\t\t<\/div>\n\t\t<\/div>\n\t\t\t\t\t<\/div>\n\t\t<\/section>\n\t\t<div class=\"elementor-element elementor-element-b4753e9 e-flex e-con-boxed e-con e-parent\" data-id=\"b4753e9\" data-element_type=\"container\" data-e-type=\"container\">\n\t\t\t\t\t<div class=\"e-con-inner\">\n\t\t<div class=\"elementor-element elementor-element-4bae496 e-con-full e-flex e-con e-child\" data-id=\"4bae496\" data-element_type=\"container\" data-e-type=\"container\" data-settings=\"{&quot;background_background&quot;:&quot;classic&quot;}\">\n\t\t\t\t<div class=\"elementor-element elementor-element-20e033b elementor-widget elementor-widget-heading\" data-id=\"20e033b\" data-element_type=\"widget\" data-e-type=\"widget\" data-widget_type=\"heading.default\">\n\t\t\t\t<div class=\"elementor-widget-container\">\n\t\t\t\t\t<h4 class=\"elementor-heading-title elementor-size-default\">Our offer<\/h4>\t\t\t\t<\/div>\n\t\t\t\t<\/div>\n\t\t\t\t<div class=\"elementor-element elementor-element-3c0444a elementor-widget elementor-widget-text-editor\" data-id=\"3c0444a\" data-element_type=\"widget\" data-e-type=\"widget\" data-widget_type=\"text-editor.default\">\n\t\t\t\t<div class=\"elementor-widget-container\">\n\t\t\t\t\t\t\t\t\t<p><span style=\"font-weight: 400;\">Planning a group trip to Szeged? At Safari Hotel***, we offer a 10% discount when booking a minimum of 10 rooms \u2013 and for bookings of 20 rooms or more, one room is free!<\/span><\/p><p>\u00a0<\/p><p><span style=\"font-weight: 400;\">Our hotel is an ideal choice for larger groups, whether it\u2019s a school trip, a senior group, or a business journey.<\/span><\/p><p>\u00a0<\/p><p><span style=\"font-weight: 400;\">Why choose Safari Hotel***?<\/span><\/p><ul><li style=\"font-weight: 400;\" aria-level=\"1\"><span style=\"font-weight: 400;\">Modern, well-equipped accommodation<\/span><\/li><li style=\"font-weight: 400;\" aria-level=\"1\"><span style=\"font-weight: 400;\">Interconnected and accessible (barrier-free) room available<\/span><\/li><li style=\"font-weight: 400;\" aria-level=\"1\"><span style=\"font-weight: 400;\">Free, secure parking with easy access for buses<\/span><\/li><li style=\"font-weight: 400;\" aria-level=\"1\"><span style=\"font-weight: 400;\">Just a few steps from the Szeged Zoo, close to the city center yet surrounded by greenery<\/span><\/li><li style=\"font-weight: 400;\" aria-level=\"1\"><span style=\"font-weight: 400;\">Generous buffet breakfast, with catering and buffet-style dinner available upon request<\/span><span style=\"font-weight: 400;\"><br \/><br \/><\/span><\/li><\/ul><p><span style=\"font-weight: 400;\">For more information, contact our team or request a group offer today!<\/span><\/p>\t\t\t\t\t\t\t\t<\/div>\n\t\t\t\t<\/div>\n\t\t\t\t<div class=\"elementor-element elementor-element-68fb9ae elementor-mobile-align-center elementor-widget elementor-widget-cs_button\" data-id=\"68fb9ae\" data-element_type=\"widget\" data-e-type=\"widget\" data-widget_type=\"cs_button.default\">\n\t\t\t\t<div class=\"elementor-widget-container\">\n\t\t\t\t\t        <a href=\"https:\/\/safarihotel.hu\/en\/quote\/\" class=\"elementor-button-link button\" role=\"button\">\n            <span class=\"cs-btn-text\">Get quote<\/span>        <\/a>\t\t\t\t<\/div>\n\t\t\t\t<\/div>\n\t\t\t\t<\/div>\n\t\t<div class=\"elementor-element elementor-element-abac67f e-con-full e-flex e-con e-child\" data-id=\"abac67f\" data-element_type=\"container\" data-e-type=\"container\" data-settings=\"{&quot;background_background&quot;:&quot;classic&quot;}\">\n\t\t\t\t<div class=\"elementor-element elementor-element-2cc145d elementor-widget elementor-widget-heading\" data-id=\"2cc145d\" data-element_type=\"widget\" data-e-type=\"widget\" data-widget_type=\"heading.default\">\n\t\t\t\t<div class=\"elementor-widget-container\">\n\t\t\t\t\t<h4 class=\"elementor-heading-title elementor-size-default\">Gallery<\/h4>\t\t\t\t<\/div>\n\t\t\t\t<\/div>\n\t\t\t\t<div class=\"elementor-element elementor-element-df77e4b elementor-widget elementor-widget-cs_gallery\" data-id=\"df77e4b\" data-element_type=\"widget\" data-e-type=\"widget\" data-widget_type=\"cs_gallery.default\">\n\t\t\t\t<div class=\"elementor-widget-container\">\n\t\t\t\t\t\n            <div class=\"cs-gallery gap-5 gallery-grid grid-col-2\">\n                <div class=\"cs-gallery-wrap\">                    <div class=\"cs-gallery-item\"><img fetchpriority=\"high\" decoding=\"async\" width=\"1280\" height=\"853\" src=\"https:\/\/safarihotel.hu\/wp-content\/uploads\/2026\/01\/safarilegi1.jpg\" class=\"attachment-full size-full wp-image-5772\" alt=\"\" srcset=\"https:\/\/safarihotel.hu\/wp-content\/uploads\/2026\/01\/safarilegi1.jpg 1280w, https:\/\/safarihotel.hu\/wp-content\/uploads\/2026\/01\/safarilegi1-300x200.jpg 300w, https:\/\/safarihotel.hu\/wp-content\/uploads\/2026\/01\/safarilegi1-1024x682.jpg 1024w, https:\/\/safarihotel.hu\/wp-content\/uploads\/2026\/01\/safarilegi1-768x512.jpg 768w, https:\/\/safarihotel.hu\/wp-content\/uploads\/2026\/01\/safarilegi1-1200x800.jpg 1200w, https:\/\/safarihotel.hu\/wp-content\/uploads\/2026\/01\/safarilegi1-780x520.jpg 780w, https:\/\/safarihotel.hu\/wp-content\/uploads\/2026\/01\/safarilegi1-600x400.jpg 600w, https:\/\/safarihotel.hu\/wp-content\/uploads\/2026\/01\/safarilegi1-550x367.jpg 550w, https:\/\/safarihotel.hu\/wp-content\/uploads\/2026\/01\/safarilegi1-370x247.jpg 370w, https:\/\/safarihotel.hu\/wp-content\/uploads\/2026\/01\/safarilegi1-255x170.jpg 255w\" sizes=\"(max-width: 1280px) 100vw, 1280px\" \/>                    <\/div>                    <div class=\"cs-gallery-item\"><img decoding=\"async\" width=\"1643\" height=\"1096\" src=\"https:\/\/safarihotel.hu\/wp-content\/uploads\/2026\/01\/pekaru-es-felvagottak-lobby.jpg\" class=\"attachment-full size-full wp-image-5774\" alt=\"\" srcset=\"https:\/\/safarihotel.hu\/wp-content\/uploads\/2026\/01\/pekaru-es-felvagottak-lobby.jpg 1643w, https:\/\/safarihotel.hu\/wp-content\/uploads\/2026\/01\/pekaru-es-felvagottak-lobby-300x200.jpg 300w, https:\/\/safarihotel.hu\/wp-content\/uploads\/2026\/01\/pekaru-es-felvagottak-lobby-1024x683.jpg 1024w, https:\/\/safarihotel.hu\/wp-content\/uploads\/2026\/01\/pekaru-es-felvagottak-lobby-768x512.jpg 768w, https:\/\/safarihotel.hu\/wp-content\/uploads\/2026\/01\/pekaru-es-felvagottak-lobby-1536x1025.jpg 1536w, https:\/\/safarihotel.hu\/wp-content\/uploads\/2026\/01\/pekaru-es-felvagottak-lobby-1440x961.jpg 1440w, https:\/\/safarihotel.hu\/wp-content\/uploads\/2026\/01\/pekaru-es-felvagottak-lobby-1200x800.jpg 1200w, https:\/\/safarihotel.hu\/wp-content\/uploads\/2026\/01\/pekaru-es-felvagottak-lobby-780x520.jpg 780w, https:\/\/safarihotel.hu\/wp-content\/uploads\/2026\/01\/pekaru-es-felvagottak-lobby-600x400.jpg 600w, https:\/\/safarihotel.hu\/wp-content\/uploads\/2026\/01\/pekaru-es-felvagottak-lobby-550x367.jpg 550w, https:\/\/safarihotel.hu\/wp-content\/uploads\/2026\/01\/pekaru-es-felvagottak-lobby-370x247.jpg 370w, https:\/\/safarihotel.hu\/wp-content\/uploads\/2026\/01\/pekaru-es-felvagottak-lobby-255x170.jpg 255w\" sizes=\"(max-width: 1643px) 100vw, 1643px\" \/>                    <\/div>                    <div class=\"cs-gallery-item\"><img decoding=\"async\" width=\"1024\" height=\"683\" src=\"https:\/\/safarihotel.hu\/wp-content\/uploads\/2026\/01\/DSC04015.jpg\" class=\"attachment-full size-full wp-image-5776\" alt=\"\" srcset=\"https:\/\/safarihotel.hu\/wp-content\/uploads\/2026\/01\/DSC04015.jpg 1024w, https:\/\/safarihotel.hu\/wp-content\/uploads\/2026\/01\/DSC04015-300x200.jpg 300w, https:\/\/safarihotel.hu\/wp-content\/uploads\/2026\/01\/DSC04015-768x512.jpg 768w, https:\/\/safarihotel.hu\/wp-content\/uploads\/2026\/01\/DSC04015-780x520.jpg 780w, https:\/\/safarihotel.hu\/wp-content\/uploads\/2026\/01\/DSC04015-600x400.jpg 600w, https:\/\/safarihotel.hu\/wp-content\/uploads\/2026\/01\/DSC04015-550x367.jpg 550w, https:\/\/safarihotel.hu\/wp-content\/uploads\/2026\/01\/DSC04015-370x247.jpg 370w, https:\/\/safarihotel.hu\/wp-content\/uploads\/2026\/01\/DSC04015-255x170.jpg 255w\" sizes=\"(max-width: 1024px) 100vw, 1024px\" \/>                    <\/div>                    <div class=\"cs-gallery-item\"><img loading=\"lazy\" decoding=\"async\" width=\"1280\" height=\"668\" src=\"https:\/\/safarihotel.hu\/wp-content\/uploads\/2025\/02\/safarilead1.jpg\" class=\"attachment-full size-full wp-image-4753\" alt=\"\" srcset=\"https:\/\/safarihotel.hu\/wp-content\/uploads\/2025\/02\/safarilead1.jpg 1280w, https:\/\/safarihotel.hu\/wp-content\/uploads\/2025\/02\/safarilead1-300x157.jpg 300w, https:\/\/safarihotel.hu\/wp-content\/uploads\/2025\/02\/safarilead1-1024x534.jpg 1024w, https:\/\/safarihotel.hu\/wp-content\/uploads\/2025\/02\/safarilead1-768x401.jpg 768w, https:\/\/safarihotel.hu\/wp-content\/uploads\/2025\/02\/safarilead1-1200x626.jpg 1200w, https:\/\/safarihotel.hu\/wp-content\/uploads\/2025\/02\/safarilead1-780x407.jpg 780w, https:\/\/safarihotel.hu\/wp-content\/uploads\/2025\/02\/safarilead1-600x313.jpg 600w, https:\/\/safarihotel.hu\/wp-content\/uploads\/2025\/02\/safarilead1-550x287.jpg 550w, https:\/\/safarihotel.hu\/wp-content\/uploads\/2025\/02\/safarilead1-370x193.jpg 370w, https:\/\/safarihotel.hu\/wp-content\/uploads\/2025\/02\/safarilead1-255x133.jpg 255w\" sizes=\"(max-width: 1280px) 100vw, 1280px\" \/>                    <\/div>                <\/div>\n            <\/div>\t\t\t\t<\/div>\n\t\t\t\t<\/div>\n\t\t\t\t<\/div>\n\t\t\t\t\t<\/div>\n\t\t\t\t<\/div>\n\t\t\t\t<\/div>\n\t\t","protected":false},"excerpt":{"rendered":"<p>Our Offers Special group offer Our offer Planning a group trip to Szeged? At Safari Hotel***, we offer a 10% discount when booking a minimum of 10 rooms \u2013 and for bookings of 20 rooms or more, one room is free! \u00a0 Our hotel is an ideal choice for larger groups, whether it\u2019s a school &#8230;<\/p>\n","protected":false},"author":4,"featured_media":0,"parent":4009,"menu_order":0,"comment_status":"closed","ping_status":"closed","template":"elementor_header_footer","meta":{"_acf_changed":false,"cozystay_single_page_hide_site_header":"","cozystay_single_page_site_header_source":"","cozystay_single_page_custom_site_header":"0","cozystay_single_page_custom_sticky_site_header":"0","cozystay_single_page_hide_page_title":"","cozystay_single_page_header_section_size":"","cozystay_single_page_header_background_color":"","cozystay_single_page_header_background_position_x":"center","cozystay_single_page_header_background_position_y":"center","cozystay_single_page_header_background_size":"cover","cozystay_single_page_header_background_repeat":"off","cozystay_single_page_header_background_scroll":"on","cozystay_single_page_header_text_color":"","cozystay_single_page_header_show_breadcrumb":"","cozystay_single_page_site_footer_hide_main":"","cozystay_single_custom_site_footer_main_source":"","cozystay_single_custom_site_footer_main":"0","cozystay_single_page_site_footer_hide_above":"","cozystay_single_custom_site_footer_above_source":"","cozystay_single_custom_site_footer_above":"0","cozystay_single_page_site_footer_hide_instagram":"","cozystay_single_page_site_footer_hide_bottom":"","cozystay_single_custom_mobile_menu_source":"","cozystay_single_custom_mobile_menu":"0","cozystay_single_custom_mobile_menu_animation":"","cozystay_single_custom_mobile_menu_width":"","cozystay_single_custom_mobile_menu_custom_width":375,"footnotes":""},"class_list":["post-5770","page","type-page","status-publish","hentry"],"acf":[],"yoast_head":"<!-- This site is optimized with the Yoast SEO Premium plugin v27.5 (Yoast SEO v27.5) - https:\/\/yoast.com\/product\/yoast-seo-premium-wordpress\/ -->\n<title>Special group offer - Safari hotel<\/title>\n<meta name=\"robots\" content=\"index, follow, max-snippet:-1, max-image-preview:large, max-video-preview:-1\" \/>\n<link rel=\"canonical\" href=\"https:\/\/safarihotel.hu\/en\/our-offers\/special-group-offer\/\" \/>\n<meta property=\"og:locale\" content=\"en_US\" \/>\n<meta property=\"og:type\" content=\"article\" \/>\n<meta property=\"og:title\" content=\"Special group offer\" \/>\n<meta property=\"og:description\" content=\"Our Offers Special group offer Our offer Planning a group trip to Szeged? At Safari Hotel***, we offer a 10% discount when booking a minimum of 10 rooms \u2013 and for bookings of 20 rooms or more, one room is free! \u00a0 Our hotel is an ideal choice for larger groups, whether it\u2019s a school ...\" \/>\n<meta property=\"og:url\" content=\"https:\/\/safarihotel.hu\/en\/our-offers\/special-group-offer\/\" \/>\n<meta property=\"og:site_name\" content=\"Safari hotel\" \/>\n<meta property=\"article:modified_time\" content=\"2026-02-05T13:28:51+00:00\" \/>\n<meta property=\"og:image\" content=\"https:\/\/safarihotel.hu\/wp-content\/uploads\/2026\/01\/safarilegi1.jpg\" \/>\n<meta name=\"twitter:card\" content=\"summary_large_image\" \/>\n<meta name=\"twitter:label1\" content=\"Est. reading time\" \/>\n\t<meta name=\"twitter:data1\" content=\"2 minutes\" \/>\n<script type=\"application\/ld+json\" class=\"yoast-schema-graph\">{\"@context\":\"https:\\\/\\\/schema.org\",\"@graph\":[{\"@type\":\"WebPage\",\"@id\":\"https:\\\/\\\/safarihotel.hu\\\/en\\\/our-offers\\\/special-group-offer\\\/\",\"url\":\"https:\\\/\\\/safarihotel.hu\\\/en\\\/our-offers\\\/special-group-offer\\\/\",\"name\":\"Special group offer - Safari hotel\",\"isPartOf\":{\"@id\":\"https:\\\/\\\/safarihotel.hu\\\/#website\"},\"primaryImageOfPage\":{\"@id\":\"https:\\\/\\\/safarihotel.hu\\\/en\\\/our-offers\\\/special-group-offer\\\/#primaryimage\"},\"image\":{\"@id\":\"https:\\\/\\\/safarihotel.hu\\\/en\\\/our-offers\\\/special-group-offer\\\/#primaryimage\"},\"thumbnailUrl\":\"https:\\\/\\\/safarihotel.hu\\\/wp-content\\\/uploads\\\/2026\\\/01\\\/safarilegi1.jpg\",\"datePublished\":\"2026-01-16T14:49:53+00:00\",\"dateModified\":\"2026-02-05T13:28:51+00:00\",\"breadcrumb\":{\"@id\":\"https:\\\/\\\/safarihotel.hu\\\/en\\\/our-offers\\\/special-group-offer\\\/#breadcrumb\"},\"inLanguage\":\"en-US\",\"potentialAction\":[{\"@type\":\"ReadAction\",\"target\":[\"https:\\\/\\\/safarihotel.hu\\\/en\\\/our-offers\\\/special-group-offer\\\/\"]}]},{\"@type\":\"ImageObject\",\"inLanguage\":\"en-US\",\"@id\":\"https:\\\/\\\/safarihotel.hu\\\/en\\\/our-offers\\\/special-group-offer\\\/#primaryimage\",\"url\":\"https:\\\/\\\/safarihotel.hu\\\/wp-content\\\/uploads\\\/2026\\\/01\\\/safarilegi1.jpg\",\"contentUrl\":\"https:\\\/\\\/safarihotel.hu\\\/wp-content\\\/uploads\\\/2026\\\/01\\\/safarilegi1.jpg\"},{\"@type\":\"BreadcrumbList\",\"@id\":\"https:\\\/\\\/safarihotel.hu\\\/en\\\/our-offers\\\/special-group-offer\\\/#breadcrumb\",\"itemListElement\":[{\"@type\":\"ListItem\",\"position\":1,\"name\":\"Kezd\u0151lap\",\"item\":\"https:\\\/\\\/safarihotel.hu\\\/\"},{\"@type\":\"ListItem\",\"position\":2,\"name\":\"Our Offers\",\"item\":\"https:\\\/\\\/safarihotel.hu\\\/ajanlataink\\\/\"},{\"@type\":\"ListItem\",\"position\":3,\"name\":\"Special group offer\"}]},{\"@type\":\"WebSite\",\"@id\":\"https:\\\/\\\/safarihotel.hu\\\/#website\",\"url\":\"https:\\\/\\\/safarihotel.hu\\\/\",\"name\":\"Safari hotel\",\"description\":\"A term\u00e9szettel harm\u00f3ni\u00e1ban\",\"publisher\":{\"@id\":\"https:\\\/\\\/safarihotel.hu\\\/#organization\"},\"potentialAction\":[{\"@type\":\"SearchAction\",\"target\":{\"@type\":\"EntryPoint\",\"urlTemplate\":\"https:\\\/\\\/safarihotel.hu\\\/?s={search_term_string}\"},\"query-input\":{\"@type\":\"PropertyValueSpecification\",\"valueRequired\":true,\"valueName\":\"search_term_string\"}}],\"inLanguage\":\"en-US\"},{\"@type\":\"Organization\",\"@id\":\"https:\\\/\\\/safarihotel.hu\\\/#organization\",\"name\":\"Safari hotel\",\"url\":\"https:\\\/\\\/safarihotel.hu\\\/\",\"logo\":{\"@type\":\"ImageObject\",\"inLanguage\":\"en-US\",\"@id\":\"https:\\\/\\\/safarihotel.hu\\\/#\\\/schema\\\/logo\\\/image\\\/\",\"url\":\"https:\\\/\\\/safarihotel.hu\\\/wp-content\\\/uploads\\\/2023\\\/11\\\/logo-safari.png\",\"contentUrl\":\"https:\\\/\\\/safarihotel.hu\\\/wp-content\\\/uploads\\\/2023\\\/11\\\/logo-safari.png\",\"width\":542,\"height\":375,\"caption\":\"Safari hotel\"},\"image\":{\"@id\":\"https:\\\/\\\/safarihotel.hu\\\/#\\\/schema\\\/logo\\\/image\\\/\"}}]}<\/script>\n<!-- \/ Yoast SEO Premium plugin. -->","yoast_head_json":{"title":"Special group offer - Safari hotel","robots":{"index":"index","follow":"follow","max-snippet":"max-snippet:-1","max-image-preview":"max-image-preview:large","max-video-preview":"max-video-preview:-1"},"canonical":"https:\/\/safarihotel.hu\/en\/our-offers\/special-group-offer\/","og_locale":"en_US","og_type":"article","og_title":"Special group offer","og_description":"Our Offers Special group offer Our offer Planning a group trip to Szeged? At Safari Hotel***, we offer a 10% discount when booking a minimum of 10 rooms \u2013 and for bookings of 20 rooms or more, one room is free! \u00a0 Our hotel is an ideal choice for larger groups, whether it\u2019s a school ...","og_url":"https:\/\/safarihotel.hu\/en\/our-offers\/special-group-offer\/","og_site_name":"Safari hotel","article_modified_time":"2026-02-05T13:28:51+00:00","og_image":[{"url":"https:\/\/safarihotel.hu\/wp-content\/uploads\/2026\/01\/safarilegi1.jpg","type":"","width":"","height":""}],"twitter_card":"summary_large_image","twitter_misc":{"Est. reading time":"2 minutes"},"schema":{"@context":"https:\/\/schema.org","@graph":[{"@type":"WebPage","@id":"https:\/\/safarihotel.hu\/en\/our-offers\/special-group-offer\/","url":"https:\/\/safarihotel.hu\/en\/our-offers\/special-group-offer\/","name":"Special group offer - Safari hotel","isPartOf":{"@id":"https:\/\/safarihotel.hu\/#website"},"primaryImageOfPage":{"@id":"https:\/\/safarihotel.hu\/en\/our-offers\/special-group-offer\/#primaryimage"},"image":{"@id":"https:\/\/safarihotel.hu\/en\/our-offers\/special-group-offer\/#primaryimage"},"thumbnailUrl":"https:\/\/safarihotel.hu\/wp-content\/uploads\/2026\/01\/safarilegi1.jpg","datePublished":"2026-01-16T14:49:53+00:00","dateModified":"2026-02-05T13:28:51+00:00","breadcrumb":{"@id":"https:\/\/safarihotel.hu\/en\/our-offers\/special-group-offer\/#breadcrumb"},"inLanguage":"en-US","potentialAction":[{"@type":"ReadAction","target":["https:\/\/safarihotel.hu\/en\/our-offers\/special-group-offer\/"]}]},{"@type":"ImageObject","inLanguage":"en-US","@id":"https:\/\/safarihotel.hu\/en\/our-offers\/special-group-offer\/#primaryimage","url":"https:\/\/safarihotel.hu\/wp-content\/uploads\/2026\/01\/safarilegi1.jpg","contentUrl":"https:\/\/safarihotel.hu\/wp-content\/uploads\/2026\/01\/safarilegi1.jpg"},{"@type":"BreadcrumbList","@id":"https:\/\/safarihotel.hu\/en\/our-offers\/special-group-offer\/#breadcrumb","itemListElement":[{"@type":"ListItem","position":1,"name":"Kezd\u0151lap","item":"https:\/\/safarihotel.hu\/"},{"@type":"ListItem","position":2,"name":"Our Offers","item":"https:\/\/safarihotel.hu\/ajanlataink\/"},{"@type":"ListItem","position":3,"name":"Special group offer"}]},{"@type":"WebSite","@id":"https:\/\/safarihotel.hu\/#website","url":"https:\/\/safarihotel.hu\/","name":"Safari hotel","description":"A term\u00e9szettel harm\u00f3ni\u00e1ban","publisher":{"@id":"https:\/\/safarihotel.hu\/#organization"},"potentialAction":[{"@type":"SearchAction","target":{"@type":"EntryPoint","urlTemplate":"https:\/\/safarihotel.hu\/?s={search_term_string}"},"query-input":{"@type":"PropertyValueSpecification","valueRequired":true,"valueName":"search_term_string"}}],"inLanguage":"en-US"},{"@type":"Organization","@id":"https:\/\/safarihotel.hu\/#organization","name":"Safari hotel","url":"https:\/\/safarihotel.hu\/","logo":{"@type":"ImageObject","inLanguage":"en-US","@id":"https:\/\/safarihotel.hu\/#\/schema\/logo\/image\/","url":"https:\/\/safarihotel.hu\/wp-content\/uploads\/2023\/11\/logo-safari.png","contentUrl":"https:\/\/safarihotel.hu\/wp-content\/uploads\/2023\/11\/logo-safari.png","width":542,"height":375,"caption":"Safari hotel"},"image":{"@id":"https:\/\/safarihotel.hu\/#\/schema\/logo\/image\/"}}]}},"_links":{"self":[{"href":"https:\/\/safarihotel.hu\/en\/wp-json\/wp\/v2\/pages\/5770","targetHints":{"allow":["GET"]}}],"collection":[{"href":"https:\/\/safarihotel.hu\/en\/wp-json\/wp\/v2\/pages"}],"about":[{"href":"https:\/\/safarihotel.hu\/en\/wp-json\/wp\/v2\/types\/page"}],"author":[{"embeddable":true,"href":"https:\/\/safarihotel.hu\/en\/wp-json\/wp\/v2\/users\/4"}],"replies":[{"embeddable":true,"href":"https:\/\/safarihotel.hu\/en\/wp-json\/wp\/v2\/comments?post=5770"}],"version-history":[{"count":3,"href":"https:\/\/safarihotel.hu\/en\/wp-json\/wp\/v2\/pages\/5770\/revisions"}],"predecessor-version":[{"id":5780,"href":"https:\/\/safarihotel.hu\/en\/wp-json\/wp\/v2\/pages\/5770\/revisions\/5780"}],"up":[{"embeddable":true,"href":"https:\/\/safarihotel.hu\/en\/wp-json\/wp\/v2\/pages\/4009"}],"wp:attachment":[{"href":"https:\/\/safarihotel.hu\/en\/wp-json\/wp\/v2\/media?parent=5770"}],"curies":[{"name":"wp","href":"https:\/\/api.w.org\/{rel}","templated":true}]}}